{"id":10262,"date":"2017-06-14T08:42:20","date_gmt":"2017-06-14T04:42:20","guid":{"rendered":"https:\/\/curivo.am\/product\/sesamoel\/"},"modified":"2023-12-14T18:54:50","modified_gmt":"2023-12-14T14:54:50","slug":"sesamoel","status":"publish","type":"product","link":"https:\/\/curivo.am\/de\/product\/sesamoel\/","title":{"rendered":"SESAM\u00d6L"},"content":{"rendered":"<div class=\"wpb-content-wrapper\"><p>[vc_row][vc_column offset=&#8221;vc_col-lg-4 vc_col-md-4 vc_col-xs-12&#8243; woodmart_css_id=&#8221;61827cecd255b&#8221; parallax_scroll=&#8221;no&#8221; woodmart_sticky_column=&#8221;false&#8221; wd_collapsible_content_switcher=&#8221;no&#8221; mobile_bg_img_hidden=&#8221;no&#8221; tablet_bg_img_hidden=&#8221;no&#8221; woodmart_parallax=&#8221;0&#8243; woodmart_box_shadow=&#8221;no&#8221; mobile_reset_margin=&#8221;no&#8221; tablet_reset_margin=&#8221;no&#8221; wd_z_index=&#8221;no&#8221; responsive_spacing=&#8221;eyJwYXJhbV90eXBlIjoid29vZG1hcnRfcmVzcG9uc2l2ZV9zcGFjaW5nIiwic2VsZWN0b3JfaWQiOiI2MTgyN2NlY2QyNTViIiwic2hvcnRjb2RlIjoidmNfY29sdW1uIiwiZGF0YSI6eyJ0YWJsZXQiOnt9LCJtb2JpbGUiOnt9fX0=&#8221;]\t\t<div id=\"wd-63c414eeb178b\" class=\"wd-text-block wd-wpb reset-last-child wd-rs-63c414eeb178b text-left \">\n\t\t\t<h4><strong>Sesam\u00f6l<\/strong><\/h4>\n<p><img loading=\"lazy\" decoding=\"async\" class=\" wp-image-8158 alignleft\" src=\"https:\/\/curivo.am\/wp-content\/uploads\/2022\/12\/frse-2-5-300x300.png\" alt=\"\" width=\"171\" height=\"171\" srcset=\"https:\/\/curivo.am\/wp-content\/uploads\/2022\/12\/frse-2-5-300x300.png 300w, https:\/\/curivo.am\/wp-content\/uploads\/2022\/12\/frse-2-5-800x800.png 800w, https:\/\/curivo.am\/wp-content\/uploads\/2022\/12\/frse-2-5-150x150.png 150w, https:\/\/curivo.am\/wp-content\/uploads\/2022\/12\/frse-2-5-768x768.png 768w, https:\/\/curivo.am\/wp-content\/uploads\/2022\/12\/frse-2-5-860x860.png 860w, https:\/\/curivo.am\/wp-content\/uploads\/2022\/12\/frse-2-5-430x430.png 430w, https:\/\/curivo.am\/wp-content\/uploads\/2022\/12\/frse-2-5-700x700.png 700w, https:\/\/curivo.am\/wp-content\/uploads\/2022\/12\/frse-2-5.png 1000w\" sizes=\"auto, (max-width: 171px) 100vw, 171px\" \/>Sesam wird wie Schwarzk\u00fcmmel aus dem Ausland nach Armenien importiert und \u00d6l wird durch Zerkleinern roher Sesamsamen hergestellt.<\/p>\n<p>Im kaltgepressten Sesam\u00f6l bleiben alle biologisch aktiven Stoffe, Vitamine und unges\u00e4ttigten Fetts\u00e4uren erhalten.<\/p>\n<p>Sie beginnen mit der Einnahme von jeweils 1 Teel\u00f6ffel 15 Minuten vor den Mahlzeiten und abends vor dem Schlafengehen. Nach und nach kann die Dosis auf 1 Essl\u00f6ffel erh\u00f6ht werden.<\/p>\n<p>Filtergewicht: 250 g +\/- 3 %<\/p>\n\t\t<\/div>\n\t\t[\/vc_column][vc_column width=&#8221;1\/2&#8243; offset=&#8221;vc_col-lg-4 vc_col-md-4 vc_col-xs-12&#8243; woodmart_css_id=&#8221;61827cc17f8c9&#8243; parallax_scroll=&#8221;no&#8221; woodmart_sticky_column=&#8221;false&#8221; wd_collapsible_content_switcher=&#8221;no&#8221; mobile_bg_img_hidden=&#8221;no&#8221; tablet_bg_img_hidden=&#8221;no&#8221; woodmart_parallax=&#8221;0&#8243; woodmart_box_shadow=&#8221;no&#8221; mobile_reset_margin=&#8221;no&#8221; tablet_reset_margin=&#8221;no&#8221; wd_z_index=&#8221;no&#8221; responsive_spacing=&#8221;eyJwYXJhbV90eXBlIjoid29vZG1hcnRfcmVzcG9uc2l2ZV9zcGFjaW5nIiwic2VsZWN0b3JfaWQiOiI2MTgyN2NjMTdmOGM5Iiwic2hvcnRjb2RlIjoidmNfY29sdW1uIiwiZGF0YSI6eyJ0YWJsZXQiOnt9LCJtb2JpbGUiOnt9fX0=&#8221;]\t\t<div id=\"wd-63baa3d16dfe6\" class=\"wd-text-block wd-wpb reset-last-child wd-rs-63baa3d16dfe6 text-left \">\n\t\t\t<h4>Anwendung:<\/h4>\n<p><span style=\"font-weight: 400;\">Wird sowohl f\u00fcr die externe als auch f\u00fcr die interne Verwaltung verwendet. Bei <strong>\u00e4u\u00dferlicher<\/strong> Anwendung verbessert es die Haargesundheit, hilft Schwellungen zu reduzieren, Wunden und Verbrennungen zu heilen, dank der im \u00d6l enthaltenen entz\u00fcndungshemmenden Substanzen.<\/span><\/p>\n<p><span style=\"font-weight: 400;\">Bei <strong>internem<\/strong> Empfang:  <\/span><\/p>\n<ul>\n<li><span style=\"font-weight: 400;\">stellt aufgrund seines Phytingehalts das Mineralstoffgleichgewicht des K\u00f6rpers wieder her<\/span><\/li>\n<li><span style=\"font-weight: 400;\">reduziert die M\u00f6glichkeit von Infektionskrankheiten und Arteriosklerose aufgrund der enthaltenen Phytosterine<\/span><\/li>\n<\/ul>\n<p>Lesen Sie mehr, indem Sie <a href=\"https:\/\/curivo.am\/exploring-the-sesame-oil\/\">hier<\/a> klicken.<\/p>\n\t\t<\/div>\n\t\t[\/vc_column][vc_column width=&#8221;1\/2&#8243; offset=&#8221;vc_col-lg-4 vc_col-md-4 vc_col-xs-12&#8243; woodmart_css_id=&#8221;61827cd0806ea&#8221; parallax_scroll=&#8221;no&#8221; woodmart_sticky_column=&#8221;false&#8221; wd_collapsible_content_switcher=&#8221;no&#8221; mobile_bg_img_hidden=&#8221;no&#8221; tablet_bg_img_hidden=&#8221;no&#8221; woodmart_parallax=&#8221;0&#8243; woodmart_box_shadow=&#8221;no&#8221; mobile_reset_margin=&#8221;no&#8221; tablet_reset_margin=&#8221;no&#8221; wd_z_index=&#8221;no&#8221; responsive_spacing=&#8221;eyJwYXJhbV90eXBlIjoid29vZG1hcnRfcmVzcG9uc2l2ZV9zcGFjaW5nIiwic2VsZWN0b3JfaWQiOiI2MTgyN2NkMDgwNmVhIiwic2hvcnRjb2RlIjoidmNfY29sdW1uIiwiZGF0YSI6eyJ0YWJsZXQiOnt9LCJtb2JpbGUiOnt9fX0=&#8221;]\t\t<div id=\"wd-63bd560c7975c\" class=\"wd-text-block wd-wpb reset-last-child wd-rs-63bd560c7975c text-left \">\n\t\t\t<h4>Komposition:<\/h4>\n<p>eine gro\u00dfe Menge unges\u00e4ttigter Fetts\u00e4uren: Omega-3, Omega-6, Vitamine: E, A, D, B1, B2, B3, B6, C, Mineralstoffe.<\/p>\n<p>Energiewert: 899 kcal (3764 kJ)<\/p>\n<h4><strong>Beratung<\/strong><\/h4>\n<p>Um die wertvollen Inhaltsstoffe zu erhalten, empfiehlt es sich, es an einem dunklen Ort (vorzugsweise im K\u00fchlschrank) aufzubewahren und <strong>nicht<\/strong> zu erhitzen.<\/p>\n<p>Es gibt Kontraindikationen. Konsultieren Sie vor der Anwendung einen Arzt.<\/p>\n<p>Die Ergebnisse sind nach 1\u20132 Monaten regelm\u00e4\u00dfiger Anwendung sichtbar.<\/p>\n\t\t<\/div>\n\t\t[\/vc_column][\/vc_row]<\/p>\n<\/div>","protected":false},"excerpt":{"rendered":"<p>Erhalten durch die Kaltpressmethode, unraffiniert, Premiumklasse<\/p>\n","protected":false},"featured_media":10263,"template":"","meta":[],"product_brand":[],"product_cat":[122],"product_tag":[],"class_list":{"0":"post-10262","1":"product","2":"type-product","3":"status-publish","4":"has-post-thumbnail","6":"product_cat-ole","8":"first","9":"instock","10":"shipping-taxable","11":"purchasable","12":"product-type-simple"},"_links":{"self":[{"href":"https:\/\/curivo.am\/de\/wp-json\/wp\/v2\/product\/10262","targetHints":{"allow":["GET"]}}],"collection":[{"href":"https:\/\/curivo.am\/de\/wp-json\/wp\/v2\/product"}],"about":[{"href":"https:\/\/curivo.am\/de\/wp-json\/wp\/v2\/types\/product"}],"wp:featuredmedia":[{"embeddable":true,"href":"https:\/\/curivo.am\/de\/wp-json\/wp\/v2\/media\/10263"}],"wp:attachment":[{"href":"https:\/\/curivo.am\/de\/wp-json\/wp\/v2\/media?parent=10262"}],"wp:term":[{"taxonomy":"product_brand","embeddable":true,"href":"https:\/\/curivo.am\/de\/wp-json\/wp\/v2\/product_brand?post=10262"},{"taxonomy":"product_cat","embeddable":true,"href":"https:\/\/curivo.am\/de\/wp-json\/wp\/v2\/product_cat?post=10262"},{"taxonomy":"product_tag","embeddable":true,"href":"https:\/\/curivo.am\/de\/wp-json\/wp\/v2\/product_tag?post=10262"}],"curies":[{"name":"wp","href":"https:\/\/api.w.org\/{rel}","templated":true}]}}