{"id":10254,"date":"2017-06-14T09:00:42","date_gmt":"2017-06-14T05:00:42","guid":{"rendered":"https:\/\/curivo.am\/product\/aprikosenoel\/"},"modified":"2024-01-07T15:42:36","modified_gmt":"2024-01-07T11:42:36","slug":"aprikosenoel","status":"publish","type":"product","link":"https:\/\/curivo.am\/de\/product\/aprikosenoel\/","title":{"rendered":"APRIKOSENKERN\u00d6L"},"content":{"rendered":"<div class=\"wpb-content-wrapper\"><p>[vc_row][vc_column offset=&#8221;vc_col-lg-4 vc_col-md-4 vc_col-xs-12&#8243; woodmart_css_id=&#8221;61827cecd255b&#8221; parallax_scroll=&#8221;no&#8221; woodmart_sticky_column=&#8221;false&#8221; wd_collapsible_content_switcher=&#8221;no&#8221; mobile_bg_img_hidden=&#8221;no&#8221; tablet_bg_img_hidden=&#8221;no&#8221; woodmart_parallax=&#8221;0&#8243; woodmart_box_shadow=&#8221;no&#8221; mobile_reset_margin=&#8221;no&#8221; tablet_reset_margin=&#8221;no&#8221; wd_z_index=&#8221;no&#8221; responsive_spacing=&#8221;eyJwYXJhbV90eXBlIjoid29vZG1hcnRfcmVzcG9uc2l2ZV9zcGFjaW5nIiwic2VsZWN0b3JfaWQiOiI2MTgyN2NlY2QyNTViIiwic2hvcnRjb2RlIjoidmNfY29sdW1uIiwiZGF0YSI6eyJ0YWJsZXQiOnt9LCJtb2JpbGUiOnt9fX0=&#8221;]\t\t<div id=\"wd-63c4153d15b1f\" class=\"wd-text-block wd-wpb reset-last-child wd-rs-63c4153d15b1f text-left \">\n\t\t\t<h4><strong>Aprikosenkern\u00f6l<\/strong><\/h4>\n<p><img loading=\"lazy\" decoding=\"async\" class=\" wp-image-8676 alignleft\" src=\"https:\/\/curivo.am\/wp-content\/uploads\/2017\/06\/frap-2-3-253x300.png\" alt=\"\" width=\"127\" height=\"151\" srcset=\"https:\/\/curivo.am\/wp-content\/uploads\/2017\/06\/frap-2-3-253x300.png 253w, https:\/\/curivo.am\/wp-content\/uploads\/2017\/06\/frap-2-3-150x178.png 150w, https:\/\/curivo.am\/wp-content\/uploads\/2017\/06\/frap-2-3.png 363w\" sizes=\"auto, (max-width: 127px) 100vw, 127px\" \/>Wie der Name schon sagt, wird das \u00d6l aus bitteren und s\u00fc\u00dfen Aprikosenkernen gewonnen.<\/p>\n<p>Alle biologisch aktiven Substanzen, Vitamine und unges\u00e4ttigten Fetts\u00e4uren bleiben im durch Kaltpressung gewonnenen Aprikosenkern\u00f6l erhalten.<\/p>\n<p>Sie beginnen mit der Einnahme von 1 Teel\u00f6ffel dreimal t\u00e4glich, 30 Minuten vor den Mahlzeiten. Nach und nach kann die Dosis auf 1 Essl\u00f6ffel erh\u00f6ht werden.<\/p>\n<p>Filtergewicht: 250 g +\/- 3 %<\/p>\n\t\t<\/div>\n\t\t[\/vc_column][vc_column width=&#8221;1\/2&#8243; offset=&#8221;vc_col-lg-4 vc_col-md-4 vc_col-xs-12&#8243; woodmart_css_id=&#8221;61827cc17f8c9&#8243; parallax_scroll=&#8221;no&#8221; woodmart_sticky_column=&#8221;false&#8221; wd_collapsible_content_switcher=&#8221;no&#8221; mobile_bg_img_hidden=&#8221;no&#8221; tablet_bg_img_hidden=&#8221;no&#8221; woodmart_parallax=&#8221;0&#8243; woodmart_box_shadow=&#8221;no&#8221; mobile_reset_margin=&#8221;no&#8221; tablet_reset_margin=&#8221;no&#8221; wd_z_index=&#8221;no&#8221; responsive_spacing=&#8221;eyJwYXJhbV90eXBlIjoid29vZG1hcnRfcmVzcG9uc2l2ZV9zcGFjaW5nIiwic2VsZWN0b3JfaWQiOiI2MTgyN2NjMTdmOGM5Iiwic2hvcnRjb2RlIjoidmNfY29sdW1uIiwiZGF0YSI6eyJ0YWJsZXQiOnt9LCJtb2JpbGUiOnt9fX0=&#8221;]\t\t<div id=\"wd-63ba9f233a94f\" class=\"wd-text-block wd-wpb reset-last-child wd-rs-63ba9f233a94f text-left \">\n\t\t\t<h4>Anwendung:<\/h4>\n<p><span style=\"font-weight: 400;\">Wird sowohl f\u00fcr die externe als auch f\u00fcr die interne Verwaltung verwendet. Bei <strong>\u00e4u\u00dferlicher<\/strong> Anwendung dient es als Massage zur Befeuchtung und Beruhigung der Haut.<\/span><\/p>\n<p><span style=\"font-weight: 400;\">Bei <strong>internem<\/strong> Empfang:  <\/span><\/p>\n<ul>\n<li><span style=\"font-weight: 400;\">hat aufgrund des enthaltenen Vitamins B 17 eine krebshemmende Wirkung<\/span><\/li>\n<li><span style=\"font-weight: 400;\">erh\u00f6ht die Immunit\u00e4t<\/span><\/li>\n<\/ul>\n<p>Lesen Sie mehr, indem Sie <a href=\"https:\/\/curivo.am\/de\/nuetzliche-eigenschaften-von-aprikosenkernoel\/\">hier<\/a> klicken.<\/p>\n\t\t<\/div>\n\t\t[\/vc_column][vc_column width=&#8221;1\/2&#8243; offset=&#8221;vc_col-lg-4 vc_col-md-4 vc_col-xs-12&#8243; woodmart_css_id=&#8221;61827cd0806ea&#8221; parallax_scroll=&#8221;no&#8221; woodmart_sticky_column=&#8221;false&#8221; wd_collapsible_content_switcher=&#8221;no&#8221; mobile_bg_img_hidden=&#8221;no&#8221; tablet_bg_img_hidden=&#8221;no&#8221; woodmart_parallax=&#8221;0&#8243; woodmart_box_shadow=&#8221;no&#8221; mobile_reset_margin=&#8221;no&#8221; tablet_reset_margin=&#8221;no&#8221; wd_z_index=&#8221;no&#8221; responsive_spacing=&#8221;eyJwYXJhbV90eXBlIjoid29vZG1hcnRfcmVzcG9uc2l2ZV9zcGFjaW5nIiwic2VsZWN0b3JfaWQiOiI2MTgyN2NkMDgwNmVhIiwic2hvcnRjb2RlIjoidmNfY29sdW1uIiwiZGF0YSI6eyJ0YWJsZXQiOnt9LCJtb2JpbGUiOnt9fX0=&#8221;]\t\t<div id=\"wd-63bd517a1586d\" class=\"wd-text-block wd-wpb reset-last-child wd-rs-63bd517a1586d text-left \">\n\t\t\t<h4>Komposition:<\/h4>\n<p>eine gro\u00dfe Menge unges\u00e4ttigter Fetts\u00e4uren: Omega-3, Omega-6, Omega-9, organische S\u00e4uren, Vitamine C, E, D, F, A, B-Gruppe, Pektine, Enzyme, Mineralelemente.<\/p>\n<p>Energiewert: 899 kcal (3764 kJ)<\/p>\n<h4><strong>Beratung<\/strong><\/h4>\n<p>Um die wertvollen Inhaltsstoffe zu erhalten, empfiehlt es sich, es an einem dunklen Ort (vorzugsweise im K\u00fchlschrank) aufzubewahren und <strong>nicht<\/strong> zu erhitzen.<\/p>\n<p>Es gibt Kontraindikationen. Konsultieren Sie vor der Anwendung einen Arzt.<\/p>\n\t\t<\/div>\n\t\t[\/vc_column][\/vc_row]<\/p>\n<\/div>","protected":false},"excerpt":{"rendered":"<p>Erhalten durch die Kaltpressmethode, unraffiniert, Premiumklasse<\/p>\n","protected":false},"featured_media":10255,"template":"","meta":[],"product_brand":[],"product_cat":[122],"product_tag":[],"class_list":{"0":"post-10254","1":"product","2":"type-product","3":"status-publish","4":"has-post-thumbnail","6":"product_cat-ole","8":"first","9":"instock","10":"shipping-taxable","11":"purchasable","12":"product-type-simple"},"_links":{"self":[{"href":"https:\/\/curivo.am\/de\/wp-json\/wp\/v2\/product\/10254","targetHints":{"allow":["GET"]}}],"collection":[{"href":"https:\/\/curivo.am\/de\/wp-json\/wp\/v2\/product"}],"about":[{"href":"https:\/\/curivo.am\/de\/wp-json\/wp\/v2\/types\/product"}],"wp:featuredmedia":[{"embeddable":true,"href":"https:\/\/curivo.am\/de\/wp-json\/wp\/v2\/media\/10255"}],"wp:attachment":[{"href":"https:\/\/curivo.am\/de\/wp-json\/wp\/v2\/media?parent=10254"}],"wp:term":[{"taxonomy":"product_brand","embeddable":true,"href":"https:\/\/curivo.am\/de\/wp-json\/wp\/v2\/product_brand?post=10254"},{"taxonomy":"product_cat","embeddable":true,"href":"https:\/\/curivo.am\/de\/wp-json\/wp\/v2\/product_cat?post=10254"},{"taxonomy":"product_tag","embeddable":true,"href":"https:\/\/curivo.am\/de\/wp-json\/wp\/v2\/product_tag?post=10254"}],"curies":[{"name":"wp","href":"https:\/\/api.w.org\/{rel}","templated":true}]}}