{"id":10246,"date":"2017-06-14T08:50:29","date_gmt":"2017-06-14T04:50:29","guid":{"rendered":"https:\/\/curivo.am\/product\/schwarzkuemmeloel\/"},"modified":"2023-12-14T18:54:20","modified_gmt":"2023-12-14T14:54:20","slug":"schwarzkuemmeloel","status":"publish","type":"product","link":"https:\/\/curivo.am\/de\/product\/schwarzkuemmeloel\/","title":{"rendered":"SCHWARZK\u00dcMMEL\u00d6L"},"content":{"rendered":"<div class=\"wpb-content-wrapper\"><p>[vc_row][vc_column offset=&#8221;vc_col-lg-4 vc_col-md-4 vc_col-xs-12&#8243; woodmart_css_id=&#8221;61827cecd255b&#8221; parallax_scroll=&#8221;no&#8221; woodmart_sticky_column=&#8221;false&#8221; wd_collapsible_content_switcher=&#8221;no&#8221; mobile_bg_img_hidden=&#8221;no&#8221; tablet_bg_img_hidden=&#8221;no&#8221; woodmart_parallax=&#8221;0&#8243; woodmart_box_shadow=&#8221;no&#8221; mobile_reset_margin=&#8221;no&#8221; tablet_reset_margin=&#8221;no&#8221; wd_z_index=&#8221;no&#8221; responsive_spacing=&#8221;eyJwYXJhbV90eXBlIjoid29vZG1hcnRfcmVzcG9uc2l2ZV9zcGFjaW5nIiwic2VsZWN0b3JfaWQiOiI2MTgyN2NlY2QyNTViIiwic2hvcnRjb2RlIjoidmNfY29sdW1uIiwiZGF0YSI6eyJ0YWJsZXQiOnt9LCJtb2JpbGUiOnt9fX0=&#8221;]\t\t<div id=\"wd-64149afb93678\" class=\"wd-text-block wd-wpb reset-last-child wd-rs-64149afb93678 text-left \">\n\t\t\t<h4><strong>Schwarzk\u00fcmmel\u00f6l<\/strong><\/h4>\n<p><img loading=\"lazy\" decoding=\"async\" class=\" wp-image-8145 alignleft\" src=\"https:\/\/curivo.am\/wp-content\/uploads\/2022\/12\/frbc-2-300x300.png\" alt=\"\" width=\"113\" height=\"113\" srcset=\"https:\/\/curivo.am\/wp-content\/uploads\/2022\/12\/frbc-2-300x300.png 300w, https:\/\/curivo.am\/wp-content\/uploads\/2022\/12\/frbc-2-800x800.png 800w, https:\/\/curivo.am\/wp-content\/uploads\/2022\/12\/frbc-2-150x150.png 150w, https:\/\/curivo.am\/wp-content\/uploads\/2022\/12\/frbc-2-768x768.png 768w, https:\/\/curivo.am\/wp-content\/uploads\/2022\/12\/frbc-2-860x860.png 860w, https:\/\/curivo.am\/wp-content\/uploads\/2022\/12\/frbc-2-430x430.png 430w, https:\/\/curivo.am\/wp-content\/uploads\/2022\/12\/frbc-2-700x700.png 700w, https:\/\/curivo.am\/wp-content\/uploads\/2022\/12\/frbc-2.png 1000w\" sizes=\"auto, (max-width: 113px) 100vw, 113px\" \/><\/p>\n<p>Alle biologisch aktiven Substanzen, Vitamine und unges\u00e4ttigten Fetts\u00e4uren bleiben im durch Kaltpressung gewonnenen Schwarzk\u00fcmmel\u00f6l erhalten.<\/p>\n<p>Sie beginnen mit der Einnahme von \u00bd\u20131 Teel\u00f6ffel alle 10\u201315 Minuten vor den Mahlzeiten, zweimal t\u00e4glich.<\/p>\n<p>Sie k\u00f6nnen das \u00d6l mit H\u00fcttenk\u00e4se oder Joghurt, Fruchtsaft oder Honig mischen.<\/p>\n<p>Die Ergebnisse sind nach 1\u20132 Monaten regelm\u00e4\u00dfiger Anwendung sichtbar.<\/p>\n<p>Filtergewicht: 250 g +\/- 3 %<\/p>\n\t\t<\/div>\n\t\t[\/vc_column][vc_column width=&#8221;1\/2&#8243; offset=&#8221;vc_col-lg-4 vc_col-md-4 vc_col-xs-12&#8243; woodmart_css_id=&#8221;61827cc17f8c9&#8243; parallax_scroll=&#8221;no&#8221; woodmart_sticky_column=&#8221;false&#8221; wd_collapsible_content_switcher=&#8221;no&#8221; mobile_bg_img_hidden=&#8221;no&#8221; tablet_bg_img_hidden=&#8221;no&#8221; woodmart_parallax=&#8221;0&#8243; woodmart_box_shadow=&#8221;no&#8221; mobile_reset_margin=&#8221;no&#8221; tablet_reset_margin=&#8221;no&#8221; wd_z_index=&#8221;no&#8221; responsive_spacing=&#8221;eyJwYXJhbV90eXBlIjoid29vZG1hcnRfcmVzcG9uc2l2ZV9zcGFjaW5nIiwic2VsZWN0b3JfaWQiOiI2MTgyN2NjMTdmOGM5Iiwic2hvcnRjb2RlIjoidmNfY29sdW1uIiwiZGF0YSI6eyJ0YWJsZXQiOnt9LCJtb2JpbGUiOnt9fX0=&#8221;]\t\t<div id=\"wd-63ac3415ac472\" class=\"wd-text-block wd-wpb reset-last-child wd-rs-63ac3415ac472 text-left \">\n\t\t\t<h4>Anwendung:<\/h4>\n<p><span style=\"font-weight: 400;\">Wird sowohl f\u00fcr die externe als auch f\u00fcr die interne Verwaltung verwendet. Bei <strong>\u00e4u\u00dferlicher<\/strong> Anwendung beugt es vorzeitiger Hautalterung vor, entfernt Warzen und wird bei Dermatitis, Allergien und Cellulite eingesetzt.<\/span><\/p>\n<p><span style=\"font-weight: 400;\">Bei <strong>internem<\/strong> Empfang:  <\/span><\/p>\n<ul>\n<li><span style=\"font-weight: 400;\">reguliert den Stoffwechsel des K\u00f6rpers, erh\u00f6ht die Immunit\u00e4t,<\/span><\/li>\n<li><span style=\"font-weight: 400;\">st\u00e4rkt durch seinen Kalziumgehalt Z\u00e4hne und Knochengewebe<\/span><\/li>\n<\/ul>\n<p>Lesen Sie mehr, indem Sie <a href=\"https:\/\/curivo.am\/exploring-the-black-cumin-oil\/\">hier<\/a> klicken.<\/p>\n\t\t<\/div>\n\t\t[\/vc_column][vc_column width=&#8221;1\/2&#8243; offset=&#8221;vc_col-lg-4 vc_col-md-4 vc_col-xs-12&#8243; woodmart_css_id=&#8221;61827cd0806ea&#8221; parallax_scroll=&#8221;no&#8221; woodmart_sticky_column=&#8221;false&#8221; wd_collapsible_content_switcher=&#8221;no&#8221; mobile_bg_img_hidden=&#8221;no&#8221; tablet_bg_img_hidden=&#8221;no&#8221; woodmart_parallax=&#8221;0&#8243; woodmart_box_shadow=&#8221;no&#8221; mobile_reset_margin=&#8221;no&#8221; tablet_reset_margin=&#8221;no&#8221; wd_z_index=&#8221;no&#8221; responsive_spacing=&#8221;eyJwYXJhbV90eXBlIjoid29vZG1hcnRfcmVzcG9uc2l2ZV9zcGFjaW5nIiwic2VsZWN0b3JfaWQiOiI2MTgyN2NkMDgwNmVhIiwic2hvcnRjb2RlIjoidmNfY29sdW1uIiwiZGF0YSI6eyJ0YWJsZXQiOnt9LCJtb2JpbGUiOnt9fX0=&#8221;]\t\t<div id=\"wd-63f091ef27e80\" class=\"wd-text-block wd-wpb reset-last-child wd-rs-63f091ef27e80 text-left \">\n\t\t\t<h4>Komposition:<\/h4>\n<p>eine gro\u00dfe Menge unges\u00e4ttigter Fetts\u00e4uren: Omega-3, Omega-6, Omega-9, Phytosterine, Vitamine: E, A, D, C, B-Gruppe (\u04129, \u04126, \u04123, \u04122, \u04121), PP, Fols\u00e4ure , Mineralstoffe, essentielle Aminos\u00e4uren, \u00e4therische \u00d6le.<\/p>\n<p>Energiewert: 900 kcal (3768 kJ)<\/p>\n<h4><strong>Beratung<\/strong><\/h4>\n<p>Um die wertvollen Inhaltsstoffe zu erhalten, empfiehlt es sich, es an einem dunklen Ort (vorzugsweise im K\u00fchlschrank) aufzubewahren und <strong>nicht<\/strong> zu erhitzen.<\/p>\n<p>Es gibt Kontraindikationen. Konsultieren Sie vor der Anwendung einen Arzt.<\/p>\n\t\t<\/div>\n\t\t[\/vc_column][\/vc_row]<\/p>\n<\/div>","protected":false},"excerpt":{"rendered":"<p>Erhalten durch die Kaltpressmethode, unraffiniert, Premiumklasse<\/p>\n","protected":false},"featured_media":10247,"template":"","meta":[],"product_brand":[],"product_cat":[122],"product_tag":[],"class_list":{"0":"post-10246","1":"product","2":"type-product","3":"status-publish","4":"has-post-thumbnail","6":"product_cat-ole","8":"first","9":"instock","10":"shipping-taxable","11":"purchasable","12":"product-type-simple"},"_links":{"self":[{"href":"https:\/\/curivo.am\/de\/wp-json\/wp\/v2\/product\/10246","targetHints":{"allow":["GET"]}}],"collection":[{"href":"https:\/\/curivo.am\/de\/wp-json\/wp\/v2\/product"}],"about":[{"href":"https:\/\/curivo.am\/de\/wp-json\/wp\/v2\/types\/product"}],"wp:featuredmedia":[{"embeddable":true,"href":"https:\/\/curivo.am\/de\/wp-json\/wp\/v2\/media\/10247"}],"wp:attachment":[{"href":"https:\/\/curivo.am\/de\/wp-json\/wp\/v2\/media?parent=10246"}],"wp:term":[{"taxonomy":"product_brand","embeddable":true,"href":"https:\/\/curivo.am\/de\/wp-json\/wp\/v2\/product_brand?post=10246"},{"taxonomy":"product_cat","embeddable":true,"href":"https:\/\/curivo.am\/de\/wp-json\/wp\/v2\/product_cat?post=10246"},{"taxonomy":"product_tag","embeddable":true,"href":"https:\/\/curivo.am\/de\/wp-json\/wp\/v2\/product_tag?post=10246"}],"curies":[{"name":"wp","href":"https:\/\/api.w.org\/{rel}","templated":true}]}}