{"id":10235,"date":"2021-07-23T16:14:31","date_gmt":"2021-07-23T12:14:31","guid":{"rendered":"https:\/\/curivo.am\/product\/hanfoel\/"},"modified":"2024-01-07T15:41:17","modified_gmt":"2024-01-07T11:41:17","slug":"hanfoel","status":"publish","type":"product","link":"https:\/\/curivo.am\/de\/product\/hanfoel\/","title":{"rendered":"CANNABIS\u00d6L"},"content":{"rendered":"<div class=\"wpb-content-wrapper\"><p>[vc_row][vc_column offset=&#8221;vc_col-lg-4 vc_col-md-4 vc_col-xs-12&#8243; woodmart_css_id=&#8221;61827cecd255b&#8221; parallax_scroll=&#8221;no&#8221; woodmart_sticky_column=&#8221;false&#8221; wd_collapsible_content_switcher=&#8221;no&#8221; mobile_bg_img_hidden=&#8221;no&#8221; tablet_bg_img_hidden=&#8221;no&#8221; woodmart_parallax=&#8221;0&#8243; woodmart_box_shadow=&#8221;no&#8221; mobile_reset_margin=&#8221;no&#8221; tablet_reset_margin=&#8221;no&#8221; wd_z_index=&#8221;no&#8221; responsive_spacing=&#8221;eyJwYXJhbV90eXBlIjoid29vZG1hcnRfcmVzcG9uc2l2ZV9zcGFjaW5nIiwic2VsZWN0b3JfaWQiOiI2MTgyN2NlY2QyNTViIiwic2hvcnRjb2RlIjoidmNfY29sdW1uIiwiZGF0YSI6eyJ0YWJsZXQiOnt9LCJtb2JpbGUiOnt9fX0=&#8221;]\t\t<div id=\"wd-63c4144745295\" class=\"wd-text-block wd-wpb reset-last-child wd-rs-63c4144745295 text-left \">\n\t\t\t<h4><strong>Hanf\u00f6l<\/strong><\/h4>\n<p><img loading=\"lazy\" decoding=\"async\" class=\" wp-image-8658 alignleft\" src=\"https:\/\/curivo.am\/wp-content\/uploads\/2021\/07\/free-2-7-195x300.png\" alt=\"\" width=\"83\" height=\"128\" srcset=\"https:\/\/curivo.am\/wp-content\/uploads\/2021\/07\/free-2-7-195x300.png 195w, https:\/\/curivo.am\/wp-content\/uploads\/2021\/07\/free-2-7-150x231.png 150w, https:\/\/curivo.am\/wp-content\/uploads\/2021\/07\/free-2-7.png 314w\" sizes=\"auto, (max-width: 83px) 100vw, 83px\" \/><\/p>\n<p>Hanf\u00f6l wird aus den Hanfsamen und nicht aus der Pflanze hergestellt und hat daher keine narkotische Wirkung.<\/p>\n<p>Alle biologisch aktiven Substanzen, Vitamine und unges\u00e4ttigten Fetts\u00e4uren bleiben im durch Kaltpressung gewonnenen Hanf\u00f6l erhalten.<\/p>\n<p>Beginnen Sie mit der Einnahme von 1 Essl\u00f6ffel morgens, 30 Minuten vor den Mahlzeiten. Die Tagesdosis betr\u00e4gt 2-3 Essl\u00f6ffel.<\/p>\n<p>Filtergewicht: 250 g +\/- 3 %<\/p>\n\t\t<\/div>\n\t\t[\/vc_column][vc_column width=&#8221;1\/2&#8243; offset=&#8221;vc_col-lg-4 vc_col-md-4 vc_col-xs-12&#8243; woodmart_css_id=&#8221;61827cc17f8c9&#8243; parallax_scroll=&#8221;no&#8221; woodmart_sticky_column=&#8221;false&#8221; wd_collapsible_content_switcher=&#8221;no&#8221; mobile_bg_img_hidden=&#8221;no&#8221; tablet_bg_img_hidden=&#8221;no&#8221; woodmart_parallax=&#8221;0&#8243; woodmart_box_shadow=&#8221;no&#8221; mobile_reset_margin=&#8221;no&#8221; tablet_reset_margin=&#8221;no&#8221; wd_z_index=&#8221;no&#8221; responsive_spacing=&#8221;eyJwYXJhbV90eXBlIjoid29vZG1hcnRfcmVzcG9uc2l2ZV9zcGFjaW5nIiwic2VsZWN0b3JfaWQiOiI2MTgyN2NjMTdmOGM5Iiwic2hvcnRjb2RlIjoidmNfY29sdW1uIiwiZGF0YSI6eyJ0YWJsZXQiOnt9LCJtb2JpbGUiOnt9fX0=&#8221;]\t\t<div id=\"wd-63ba9cdcb0943\" class=\"wd-text-block wd-wpb reset-last-child wd-rs-63ba9cdcb0943 text-left \">\n\t\t\t<h4>Anwendung:<\/h4>\n<p><span style=\"font-weight: 400;\">Wird sowohl f\u00fcr die externe als auch f\u00fcr die interne Verwaltung verwendet. Bei <strong>\u00e4u\u00dferlicher<\/strong> Anwendung hilft es, die Haut zu n\u00e4hren, insbesondere an gesch\u00e4digten Stellen.<\/span><\/p>\n<p><span style=\"font-weight: 400;\">Bei <strong>internem<\/strong> Empfang:  <\/span><\/p>\n<ul>\n<li>zeigt aufgrund des im \u00d6l enthaltenen Chlorophylls eine krebshemmende Wirkung<\/li>\n<li>beteiligt sich an den Regenerationsprozessen des K\u00f6rpers dank Vitamin E (Alpha-Tocopherol), das vom K\u00f6rper gut aufgenommen wird<\/li>\n<\/ul>\n<p>Lesen Sie mehr, indem Sie <a href=\"https:\/\/curivo.am\/de\/vorteile-von-hanfsamenoel\/\">hier<\/a> klicken.<\/p>\n\t\t<\/div>\n\t\t[\/vc_column][vc_column width=&#8221;1\/2&#8243; offset=&#8221;vc_col-lg-4 vc_col-md-4 vc_col-xs-12&#8243; woodmart_css_id=&#8221;61827cd0806ea&#8221; parallax_scroll=&#8221;no&#8221; woodmart_sticky_column=&#8221;false&#8221; wd_collapsible_content_switcher=&#8221;no&#8221; mobile_bg_img_hidden=&#8221;no&#8221; tablet_bg_img_hidden=&#8221;no&#8221; woodmart_parallax=&#8221;0&#8243; woodmart_box_shadow=&#8221;no&#8221; mobile_reset_margin=&#8221;no&#8221; tablet_reset_margin=&#8221;no&#8221; wd_z_index=&#8221;no&#8221; responsive_spacing=&#8221;eyJwYXJhbV90eXBlIjoid29vZG1hcnRfcmVzcG9uc2l2ZV9zcGFjaW5nIiwic2VsZWN0b3JfaWQiOiI2MTgyN2NkMDgwNmVhIiwic2hvcnRjb2RlIjoidmNfY29sdW1uIiwiZGF0YSI6eyJ0YWJsZXQiOnt9LCJtb2JpbGUiOnt9fX0=&#8221;]\t\t<div id=\"wd-63f091c5573f6\" class=\"wd-text-block wd-wpb reset-last-child wd-rs-63f091c5573f6 text-left \">\n\t\t\t<h4>Komposition:<\/h4>\n<p>Carotin, Chlorophyll, Tannine, Mineralstoffe, Vitamine A, B1, B2, B3, B6, C, D, E, Fetts\u00e4uren: Omega-3, Omega-6, Omega-9, Phytosterine.<\/p>\n<p>Energiewert: 899 kcal (3764 kJ)<\/p>\n<h4><strong>Beratung<\/strong><\/h4>\n<p>Um die wertvollen Inhaltsstoffe zu erhalten, empfiehlt es sich, es an einem dunklen Ort (vorzugsweise im K\u00fchlschrank) aufzubewahren und <strong>nicht<\/strong> zu erhitzen.<\/p>\n<p>Es gibt Kontraindikationen. Konsultieren Sie vor der Anwendung einen Arzt.<\/p>\n\t\t<\/div>\n\t\t[\/vc_column][\/vc_row]<\/p>\n<\/div>","protected":false},"excerpt":{"rendered":"<p>Erhalten durch die Kaltpressmethode, unraffiniert, Premiumklasse<\/p>\n","protected":false},"featured_media":10236,"template":"","meta":[],"product_brand":[],"product_cat":[122],"product_tag":[],"class_list":{"0":"post-10235","1":"product","2":"type-product","3":"status-publish","4":"has-post-thumbnail","6":"product_cat-ole","8":"first","9":"instock","10":"shipping-taxable","11":"purchasable","12":"product-type-simple"},"_links":{"self":[{"href":"https:\/\/curivo.am\/de\/wp-json\/wp\/v2\/product\/10235","targetHints":{"allow":["GET"]}}],"collection":[{"href":"https:\/\/curivo.am\/de\/wp-json\/wp\/v2\/product"}],"about":[{"href":"https:\/\/curivo.am\/de\/wp-json\/wp\/v2\/types\/product"}],"wp:featuredmedia":[{"embeddable":true,"href":"https:\/\/curivo.am\/de\/wp-json\/wp\/v2\/media\/10236"}],"wp:attachment":[{"href":"https:\/\/curivo.am\/de\/wp-json\/wp\/v2\/media?parent=10235"}],"wp:term":[{"taxonomy":"product_brand","embeddable":true,"href":"https:\/\/curivo.am\/de\/wp-json\/wp\/v2\/product_brand?post=10235"},{"taxonomy":"product_cat","embeddable":true,"href":"https:\/\/curivo.am\/de\/wp-json\/wp\/v2\/product_cat?post=10235"},{"taxonomy":"product_tag","embeddable":true,"href":"https:\/\/curivo.am\/de\/wp-json\/wp\/v2\/product_tag?post=10235"}],"curies":[{"name":"wp","href":"https:\/\/api.w.org\/{rel}","templated":true}]}}