{"id":10229,"date":"2021-07-23T17:03:21","date_gmt":"2021-07-23T13:03:21","guid":{"rendered":"https:\/\/curivo.am\/product\/leinsamenoel\/"},"modified":"2023-12-14T18:52:46","modified_gmt":"2023-12-14T14:52:46","slug":"leinsamenoel","status":"publish","type":"product","link":"https:\/\/curivo.am\/de\/product\/leinsamenoel\/","title":{"rendered":"LEINSAMEN\u00d6L"},"content":{"rendered":"<div class=\"wpb-content-wrapper\"><p>[vc_row][vc_column offset=&#8221;vc_col-lg-4 vc_col-md-4 vc_col-xs-12&#8243; woodmart_css_id=&#8221;61827cecd255b&#8221; parallax_scroll=&#8221;no&#8221; woodmart_sticky_column=&#8221;false&#8221; wd_collapsible_content_switcher=&#8221;no&#8221; mobile_bg_img_hidden=&#8221;no&#8221; tablet_bg_img_hidden=&#8221;no&#8221; woodmart_parallax=&#8221;0&#8243; woodmart_box_shadow=&#8221;no&#8221; mobile_reset_margin=&#8221;no&#8221; tablet_reset_margin=&#8221;no&#8221; wd_z_index=&#8221;no&#8221; responsive_spacing=&#8221;eyJwYXJhbV90eXBlIjoid29vZG1hcnRfcmVzcG9uc2l2ZV9zcGFjaW5nIiwic2VsZWN0b3JfaWQiOiI2MTgyN2NlY2QyNTViIiwic2hvcnRjb2RlIjoidmNfY29sdW1uIiwiZGF0YSI6eyJ0YWJsZXQiOnt9LCJtb2JpbGUiOnt9fX0=&#8221;]\t\t<div id=\"wd-63c4118d88e64\" class=\"wd-text-block wd-wpb reset-last-child wd-rs-63c4118d88e64 text-left \">\n\t\t\t<h4><strong>Leinsamen\u00f6l<\/strong><\/h4>\n<p><img loading=\"lazy\" decoding=\"async\" class=\" wp-image-8673 alignleft\" src=\"https:\/\/curivo.am\/wp-content\/uploads\/2021\/07\/frill-2-6-193x300.png\" alt=\"\" width=\"106\" height=\"165\" srcset=\"https:\/\/curivo.am\/wp-content\/uploads\/2021\/07\/frill-2-6-193x300.png 193w, https:\/\/curivo.am\/wp-content\/uploads\/2021\/07\/frill-2-6-150x233.png 150w, https:\/\/curivo.am\/wp-content\/uploads\/2021\/07\/frill-2-6.png 409w\" sizes=\"auto, (max-width: 106px) 100vw, 106px\" \/><\/p>\n<p>Leinsamen\u00f6l schmeckt wie Fisch\u00f6l. Der Vorteil von Lein\u00f6l liegt in seinem hohen Gehalt an Omega-Fetts\u00e4uren, der sogar Fisch\u00f6l \u00fcbertrifft.<\/p>\n<p>Sie beginnen mit der Einnahme von jeweils 1 Teel\u00f6ffel 20 Minuten vor den Mahlzeiten und abends vor dem Schlafengehen. Nach und nach kann die Dosis auf 1 Essl\u00f6ffel erh\u00f6ht werden. Es kann mit Quark oder Joghurt, Fruchtsaft oder Honig gemischt werden.<\/p>\n<p>Filtergewicht: 250 g +\/- 3 %<\/p>\n\t\t<\/div>\n\t\t[\/vc_column][vc_column width=&#8221;1\/2&#8243; offset=&#8221;vc_col-lg-4 vc_col-md-4 vc_col-xs-12&#8243; woodmart_css_id=&#8221;61827cc17f8c9&#8243; parallax_scroll=&#8221;no&#8221; woodmart_sticky_column=&#8221;false&#8221; wd_collapsible_content_switcher=&#8221;no&#8221; mobile_bg_img_hidden=&#8221;no&#8221; tablet_bg_img_hidden=&#8221;no&#8221; woodmart_parallax=&#8221;0&#8243; woodmart_box_shadow=&#8221;no&#8221; mobile_reset_margin=&#8221;no&#8221; tablet_reset_margin=&#8221;no&#8221; wd_z_index=&#8221;no&#8221; responsive_spacing=&#8221;eyJwYXJhbV90eXBlIjoid29vZG1hcnRfcmVzcG9uc2l2ZV9zcGFjaW5nIiwic2VsZWN0b3JfaWQiOiI2MTgyN2NjMTdmOGM5Iiwic2hvcnRjb2RlIjoidmNfY29sdW1uIiwiZGF0YSI6eyJ0YWJsZXQiOnt9LCJtb2JpbGUiOnt9fX0=&#8221;]\t\t<div id=\"wd-63ba9b178290a\" class=\"wd-text-block wd-wpb reset-last-child wd-rs-63ba9b178290a text-left \">\n\t\t\t<h4>Anwendung:<\/h4>\n<p><span style=\"font-weight: 400;\">Wird sowohl f\u00fcr die externe als auch f\u00fcr die interne Verwaltung verwendet. Bei <strong>\u00e4u\u00dferlicher<\/strong> Anwendung pflegt es Haare und Haut.<\/span><\/p>\n<p><span style=\"font-weight: 400;\">Bei <strong>internem<\/strong> Empfang:  <\/span><\/p>\n<ul>\n<li><span style=\"font-weight: 400;\">reguliert den Stoffwechsel des K\u00f6rpers<\/span><\/li>\n<li><span style=\"font-weight: 400;\">verbessert den Zellstoffwechsel<\/span><\/li>\n<li><span style=\"font-weight: 400;\">verbessert die Arbeit der Gehirngef\u00e4\u00dfe<\/span><\/li>\n<li><span style=\"font-weight: 400;\">reinigt Leber und Gallenblase<\/span><\/li>\n<li><span style=\"font-weight: 400;\">hat eine schwache abf\u00fchrende Wirkung<\/span><\/li>\n<\/ul>\n<p>Lesen Sie mehr, indem Sie <a href=\"https:\/\/curivo.am\/de\/vorteile-von-leinsamenoel\/\">hier<\/a> klicken.<\/p>\n\t\t<\/div>\n\t\t[\/vc_column][vc_column width=&#8221;1\/2&#8243; offset=&#8221;vc_col-lg-4 vc_col-md-4 vc_col-xs-12&#8243; woodmart_css_id=&#8221;61827cd0806ea&#8221; parallax_scroll=&#8221;no&#8221; woodmart_sticky_column=&#8221;false&#8221; wd_collapsible_content_switcher=&#8221;no&#8221; mobile_bg_img_hidden=&#8221;no&#8221; tablet_bg_img_hidden=&#8221;no&#8221; woodmart_parallax=&#8221;0&#8243; woodmart_box_shadow=&#8221;no&#8221; mobile_reset_margin=&#8221;no&#8221; tablet_reset_margin=&#8221;no&#8221; wd_z_index=&#8221;no&#8221; responsive_spacing=&#8221;eyJwYXJhbV90eXBlIjoid29vZG1hcnRfcmVzcG9uc2l2ZV9zcGFjaW5nIiwic2VsZWN0b3JfaWQiOiI2MTgyN2NkMDgwNmVhIiwic2hvcnRjb2RlIjoidmNfY29sdW1uIiwiZGF0YSI6eyJ0YWJsZXQiOnt9LCJtb2JpbGUiOnt9fX0=&#8221;]\t\t<div id=\"wd-63bd514425c63\" class=\"wd-text-block wd-wpb reset-last-child wd-rs-63bd514425c63 text-left \">\n\t\t\t<h4>Komposition:<\/h4>\n<p>reich an unges\u00e4ttigten Fetts\u00e4uren<br \/>\nOmega-3 (44\u201361 %), Omega-6 (15\u201330 %), Omega-9 (13\u201329 %), ges\u00e4ttigte Fetts\u00e4uren: (9\u201311 %), Vitamine: E, A, Fols\u00e4ure, \u00d6strogen\u00e4hnliche Phytohormone:<\/p>\n<p>Energiewert: 898 kcal (3760 kJ)<\/p>\n<h4><strong>Beratung<\/strong><\/h4>\n<p><span style=\"font-weight: 400;\">Um die wertvollen Inhaltsstoffe zu erhalten, empfiehlt es sich, es an einem dunklen Ort (vorzugsweise im K\u00fchlschrank) aufzubewahren und <strong>nicht<\/strong> zu erhitzen.  <\/span><\/p>\n<p>Es gibt Kontraindikationen. Konsultieren Sie vor der Anwendung einen Arzt.<\/p>\n\t\t<\/div>\n\t\t[\/vc_column][\/vc_row]<\/p>\n<\/div>","protected":false},"excerpt":{"rendered":"<p>Erhalten durch die Kaltpressmethode, unraffiniert, Premiumklasse<\/p>\n","protected":false},"featured_media":10230,"template":"","meta":[],"product_brand":[],"product_cat":[122],"product_tag":[],"class_list":{"0":"post-10229","1":"product","2":"type-product","3":"status-publish","4":"has-post-thumbnail","6":"product_cat-ole","8":"first","9":"instock","10":"shipping-taxable","11":"purchasable","12":"product-type-simple"},"_links":{"self":[{"href":"https:\/\/curivo.am\/de\/wp-json\/wp\/v2\/product\/10229","targetHints":{"allow":["GET"]}}],"collection":[{"href":"https:\/\/curivo.am\/de\/wp-json\/wp\/v2\/product"}],"about":[{"href":"https:\/\/curivo.am\/de\/wp-json\/wp\/v2\/types\/product"}],"wp:featuredmedia":[{"embeddable":true,"href":"https:\/\/curivo.am\/de\/wp-json\/wp\/v2\/media\/10230"}],"wp:attachment":[{"href":"https:\/\/curivo.am\/de\/wp-json\/wp\/v2\/media?parent=10229"}],"wp:term":[{"taxonomy":"product_brand","embeddable":true,"href":"https:\/\/curivo.am\/de\/wp-json\/wp\/v2\/product_brand?post=10229"},{"taxonomy":"product_cat","embeddable":true,"href":"https:\/\/curivo.am\/de\/wp-json\/wp\/v2\/product_cat?post=10229"},{"taxonomy":"product_tag","embeddable":true,"href":"https:\/\/curivo.am\/de\/wp-json\/wp\/v2\/product_tag?post=10229"}],"curies":[{"name":"wp","href":"https:\/\/api.w.org\/{rel}","templated":true}]}}