{"id":10209,"date":"2023-01-15T11:58:09","date_gmt":"2023-01-15T07:58:09","guid":{"rendered":"https:\/\/curivo.am\/bedingungen-und-konditionen\/"},"modified":"2023-12-14T18:13:26","modified_gmt":"2023-12-14T14:13:26","slug":"bedingungen-und-konditionen","status":"publish","type":"page","link":"https:\/\/curivo.am\/de\/bedingungen-und-konditionen\/","title":{"rendered":"Bedingungen und Konditionen"},"content":{"rendered":"<div class=\"wpb-content-wrapper\"><p>[vc_row][vc_column][vc_column_text woodmart_inline=&#8221;no&#8221; text_larger=&#8221;no&#8221;]<\/p>\n<div id=\"wd-5e02400b6dad2\" class=\"wd-text-block-wrapper wd-wpb wd-rs-5e02400b6dad2 color-scheme-dark text-left vc_custom_1577205795091\">\n<h4 class=\"woodmart-title-container woodmart-text-block reset-last-child font-primary wd-font-weight-600 \">Pr\u00e4ambel<\/h4>\n<\/div>\n<div class=\"wpb_text_column wpb_content_element vc_custom_1577205767306 text-larger\">\n<div class=\"wpb_wrapper\">\n<p>F\u00fcr jede Bestellung auf der Website <a href=\"https:\/\/curivo.am\/de\/\">https:\/\/curivo.am<\/a> (nachstehend &#8220;Website&#8221; genannt) der Handelsorganisation &#8220;Curivo&#8221; (nachstehend &#8220;Verk\u00e4ufer&#8221; genannt) gelten ausschlie\u00dflich die vorliegenden Allgemeinen Verkaufsbedingungen, die sorgf\u00e4ltig zu lesen sind. Die Aufgabe einer Bestellung setzt die vorherige Kenntnisnahme der vorliegenden Allgemeinen Verkaufsbedingungen voraus und bedeutet deren vollst\u00e4ndige und unwiderrufliche Annahme.<\/p>\n<p>Der produktive Code der Website (Quellcode), Texte, Bilder und andere Elemente sind ausschlie\u00dfliches Eigentum des Verk\u00e4ufers. Der gesamte Inhalt der Website ist durch das RA-Gesetz \u00fcber Urheberrecht und verwandte Rechte gesch\u00fctzt. Markenzeichen d\u00fcrfen nicht kopiert, heruntergeladen, reproduziert, verwendet, ver\u00e4ndert oder auf andere Weise verbreitet werden, es sei denn, das Historische Museum von Armenien hat im Voraus seine Zustimmung zu ihrer Verwendung erteilt.<\/p>\n<\/div>\n<\/div>\n<p>[\/vc_column_text][vc_separator color=&#8221;green&#8221; style=&#8221;double&#8221; wd_hide_on_desktop=&#8221;no&#8221; wd_hide_on_tablet=&#8221;no&#8221; wd_hide_on_mobile=&#8221;no&#8221;][vc_column_text woodmart_inline=&#8221;no&#8221; text_larger=&#8221;no&#8221;]<\/p>\n<h4>Artikel 1. Akzeptanz der Allgemeinen Verkaufsbedingungen<\/h4>\n<p>Die vorliegenden Allgemeinen Verkaufsbedingungen (im Folgenden &#8220;Bedingungen&#8221; genannt) haben zum Ziel, die Rechte und Pflichten der Parteien im Rahmen des Fernabsatzes der vom Verk\u00e4ufer auf der Website angebotenen Produkte festzulegen. Der Kunde best\u00e4tigt, dass er diese Allgemeinen Gesch\u00e4ftsbedingungen bei der Best\u00e4tigung der Bestellung zur Kenntnis genommen hat. Mit der Best\u00e4tigung der Bestellung werden die Allgemeinen Gesch\u00e4ftsbedingungen ausnahmslos akzeptiert.<\/p>\n<p>Der Verk\u00e4ufer beh\u00e4lt sich das Recht vor, die Allgemeinen Gesch\u00e4ftsbedingungen jederzeit neu zu formulieren oder zu \u00e4ndern. Im Falle einer \u00c4nderung gelten die Allgemeinen Gesch\u00e4ftsbedingungen, die am Tag der Bestellung in Kraft sind.[\/vc_column_text][vc_separator color=&#8221;green&#8221; style=&#8221;double&#8221; wd_hide_on_desktop=&#8221;no&#8221; wd_hide_on_tablet=&#8221;no&#8221; wd_hide_on_mobile=&#8221;no&#8221;][vc_column_text woodmart_inline=&#8221;no&#8221; text_larger=&#8221;no&#8221;]<\/p>\n<h4>Artikel 2. Identifizierung des Anbieters<\/h4>\n<p>Markenname: Curivo<br \/>\nJuristischer Name: P\/E Vardan Rashoyan<br \/>\nSteuerzahler-Identifikationsnummer: 40590442<br \/>\nErforderliche Bankverbindung: Converse Bank Closed Joint-Stock Company Kontonummer: 19300508926600<br \/>\nTel.: +374 (99) 628-826<br \/>\nAnschrift: RA, Region Kotayk, v. Fantan, G. Vopanyan str. 84, 2506[\/vc_column_text][vc_separator color=&#8221;green&#8221; style=&#8221;double&#8221; wd_hide_on_desktop=&#8221;no&#8221; wd_hide_on_tablet=&#8221;no&#8221; wd_hide_on_mobile=&#8221;no&#8221;][vc_column_text woodmart_inline=&#8221;no&#8221; text_larger=&#8221;no&#8221;]<\/p>\n<h4>Artikel 3. Verf\u00fcgbarkeit der Produkte<\/h4>\n<p>Die im Online-Shop der Marke curivo pr\u00e4sentierten Produkte sind zur Zeit nur in der Republik Armenien erh\u00e4ltlich.[\/vc_column_text][vc_separator color=&#8221;green&#8221; style=&#8221;double&#8221; wd_hide_on_desktop=&#8221;no&#8221; wd_hide_on_tablet=&#8221;no&#8221; wd_hide_on_mobile=&#8221;no&#8221;][vc_column_text woodmart_inline=&#8221;no&#8221; text_larger=&#8221;no&#8221;]<\/p>\n<h4>Artikel 4. Der Preis der Produkte und der Gesamtbetrag der Bestellung<\/h4>\n<p><strong>4.1. Die Verkaufspreise der Produkte sind diejenigen, die zum Zeitpunkt des Kaufs durch den Kunden auf der Website angezeigt werden.<\/strong><\/p>\n<p>Die angegebenen Verkaufspreise enthalten die Mehrwertsteuer, verstehen sich jedoch ausschlie\u00dflich der Lieferung, die extra berechnet wird. Jede \u00c4nderung des Wechselkurses wird automatisch auf den Verkaufspreis der Produkte \u00fcbertragen.<\/p>\n<p><strong>4.2. Gesamtbetrag der Bestellung<\/strong><\/p>\n<p>Der Gesamtbetrag der Bestellung ist der Endpreis in armenischen Drachmen, einschlie\u00dflich der Kosten f\u00fcr Verpackung und Lieferung.[\/vc_column_text][vc_separator color=&#8221;green&#8221; style=&#8221;double&#8221; wd_hide_on_desktop=&#8221;no&#8221; wd_hide_on_tablet=&#8221;no&#8221; wd_hide_on_mobile=&#8221;no&#8221;][vc_column_text woodmart_inline=&#8221;no&#8221; text_larger=&#8221;no&#8221;]<\/p>\n<h4>Artikel 5. Bestellung<\/h4>\n<p>Das Verfahren zur Online-Bestellung umfasst die folgenden Schritte:<\/p>\n<p><strong>Schritt 1: Auswahl des Produkts\/der Produkte<\/strong><\/p>\n<p>F\u00fcr jedes Produkt auf der Website gibt es ein Foto oder Fotos, eine Beschreibung und zus\u00e4tzliche Informationen (Gr\u00f6\u00dfe, Material, Gewicht usw.) sowie den Verkaufspreis.<\/p>\n<p><strong>Schritt 2: Lieferkosten<\/strong><\/p>\n<p>Die mitgeteilten Informationen werden auf der Website angezeigt, ebenso wie die Liefermethoden, der m\u00f6gliche Zeitplan und die entsprechenden Kosten. Der Kunde vergewissert sich, dass alle diese Informationen korrekt sind (Kontaktdaten, Lieferadresse usw.) und w\u00e4hlt die von ihm bevorzugte Versandart entsprechend dem angegebenen Zeitplan und den Kosten.<\/p>\n<p><strong>Schritt 3: Best\u00e4tigung der Bestellung<\/strong><\/p>\n<p>Der Kunde pr\u00fcft die Angaben zu seiner Bestellung und korrigiert gegebenenfalls die Fehler.<br \/>\nNachdem der Kunde die vorliegenden Allgemeinen Verkaufsbedingungen zur Kenntnis genommen hat, best\u00e4tigt er seine Bestellung und geht auf die Zahlungsseite.<\/p>\n<p><strong>Schritt 4: Bezahlung<\/strong><\/p>\n<p>Die Online-Bezahlung einer Bestellung erfolgt ausschlie\u00dflich mit einer Bankkarte. Der Kunde nimmt die Online-Zahlung seiner Bestellung vor, indem er die Bankdaten eingibt (Kartennummer, Vor- und Nachname des Karteninhabers, CVV-Code und G\u00fcltigkeitsdatum der Karte) und die endg\u00fcltige Best\u00e4tigung vornimmt. Lehnt die Bank der Gegenpartei die Zahlung ab, wird der Auftrag automatisch zur\u00fcckgezogen.[\/vc_column_text][vc_separator color=&#8221;green&#8221; style=&#8221;double&#8221; wd_hide_on_desktop=&#8221;no&#8221; wd_hide_on_tablet=&#8221;no&#8221; wd_hide_on_mobile=&#8221;no&#8221;][vc_column_text woodmart_inline=&#8221;no&#8221; text_larger=&#8221;no&#8221;]<\/p>\n<h4>Artikel 6. Best\u00e4tigung der Bestellung<\/h4>\n<p>Sobald die Zahlung erfolgt ist, erh\u00e4lt der Kunde eine E-Mail-Best\u00e4tigung seiner Bestellung. F\u00fcr den Kunden ist diese E-Mail ein Beweis f\u00fcr seine Bestellung, die er auf Empfehlung des Verk\u00e4ufers aufbewahren sollte. Diese E-Mail ist der Beweis f\u00fcr den Online-Kauf des K\u00e4ufers, den der Verk\u00e4ufer aufzubewahren empfiehlt.<\/p>\n<p>Die Best\u00e4tigungs-E-Mail best\u00e4tigt den Eingang der Bestellung und enth\u00e4lt die folgenden Elemente:<\/p>\n<p>&#8211; Bestellnummer,<\/p>\n<p>&#8211; Datum der Bestellung,<\/p>\n<p>&#8211; Hauptmerkmale des\/der gekauften Produkts\/Produkte,<\/p>\n<p>&#8211; Der Gesamtbetrag der Bestellung und die vom Kunden gew\u00e4hlte Zahlungsmethode,<\/p>\n<p>&#8211; Kontaktdaten des Kunden-Service-Centers<\/p>\n<p>Auf das Best\u00e4tigungsschreiben folgt eine Liefermitteilung, die die Versandnummer des\/der zu liefernden Produkts\/Produkte und den Bestellschein und\/oder zus\u00e4tzliche Informationen \u00fcber den Liefervorgang enth\u00e4lt.[\/vc_column_text][vc_separator color=&#8221;green&#8221; style=&#8221;double&#8221; wd_hide_on_desktop=&#8221;no&#8221; wd_hide_on_tablet=&#8221;no&#8221; wd_hide_on_mobile=&#8221;no&#8221;][vc_column_text woodmart_inline=&#8221;no&#8221; text_larger=&#8221;no&#8221;]<\/p>\n<h4>Artikel 7. R\u00fccknahmeverfahren f\u00fcr das\/die erhaltene(n) Produkt(e)<\/h4>\n<p>Die R\u00fcckgabe oder der Umtausch des gekauften Produkts erfolgt auf die in Artikel 517 des Zivilgesetzbuches der Republik Armenien vorgeschriebene Weise.<\/p>\n<p>Der Kunde hat das Recht, das gekaufte Produkt innerhalb von 14 Werktagen (ab Erhalt des Pakets) umzutauschen oder zur\u00fcckzugeben.<\/p>\n<p>Der Verk\u00e4ufer tauscht oder sendet nur die Produkte in ordnungsgem\u00e4\u00dfem Zustand zur\u00fcck, die Versandkosten werden nicht erstattet. Die Kosten f\u00fcr die Lieferung des Produkts\/der Produkte an den Standort des Verk\u00e4ufers zum Zweck der R\u00fcckgabe oder des Austauschs gehen zu Lasten des Kunden.<\/p>\n<p>Um das gelieferte Produkt zur\u00fcckzusenden, m\u00fcssen Sie das der Bestellung beigef\u00fcgte Formular ausf\u00fcllen und den R\u00fccksendeaufkleber verwenden.<\/p>\n<p>Bei der Durchf\u00fchrung der R\u00fcckgabe muss der Kunde die R\u00fcckgabe oder den Umtausch per E-Mail an die Adresse des Curivo Shops mitteilen. Der Kunde erh\u00e4lt ein Best\u00e4tigungsschreiben f\u00fcr die R\u00fcckgabe oder den Umtausch. Nach Erhalt der Ware(n) \u00fcberweist der Verk\u00e4ufer den Betrag der zur\u00fcckgegebenen Ware(n) auf das Kartenkonto des Kunden, wobei die Versandkosten nicht inbegriffen sind. Im Falle eines Umtauschs kann der Kunde nach Erhalt der R\u00fcckerstattung eine neue Bestellung aufgeben.<\/p>\n<p>Hinweis: Wenn das\/die Produkt(e) w\u00e4hrend des Transports besch\u00e4digt oder zerbrochen wurde(n), kann sich der Kunde an das Kundendienstzentrum des Curivo Shops wenden.<\/p>\n<p>\/Tel.: +374 99 628-826, E-Mail: info@curivo.am \/[\/vc_column_text][vc_separator color=&#8221;green&#8221; style=&#8221;double&#8221; wd_hide_on_desktop=&#8221;no&#8221; wd_hide_on_tablet=&#8221;no&#8221; wd_hide_on_mobile=&#8221;no&#8221;][vc_column_text woodmart_inline=&#8221;no&#8221; text_larger=&#8221;no&#8221;]<\/p>\n<h4>Artikel 8. Zahlungsmethode<\/h4>\n<p><strong>8.1. Zahlungsm\u00f6glichkeiten<\/strong><\/p>\n<p>Die folgenden Karten werden akzeptiert: \/ VISA \/ MASTERCARD \/ ARCA \/ Mastercard Secure Code\/Verified by Visa.<\/p>\n<p>Die Bezahlung erfolgt ausschlie\u00dflich in armenischen Drachmen.<\/p>\n<p><strong>8.2 Zahlungstransaktion<\/strong><\/p>\n<p>Der Kunde garantiert dem Verk\u00e4ufer, dass er \u00fcber alle erforderlichen Berechtigungen zur Nutzung der gew\u00e4hlten Zahlungsmethode verf\u00fcgt. Wenn die Verwendung der Karte vom Zahlungszentrum abgelehnt wird, wird die Bestellung automatisch storniert.<\/p>\n<p>Der Kunde wird gebeten, den Nachweis der Transaktion auszudrucken, der nach der tats\u00e4chlichen Bezahlung der Bestellung auf dem Bildschirm angezeigt wird.[\/vc_column_text][vc_separator color=&#8221;green&#8221; style=&#8221;double&#8221; wd_hide_on_desktop=&#8221;no&#8221; wd_hide_on_tablet=&#8221;no&#8221; wd_hide_on_mobile=&#8221;no&#8221;][vc_column_text woodmart_inline=&#8221;no&#8221; text_larger=&#8221;no&#8221;]<\/p>\n<h5>Artikel 9. Versand und Lieferung<\/h5>\n<p>Die bestellten Produkte werden dem Kunden zu den folgenden Bedingungen geliefert:<\/p>\n<p><strong>9.1. Lieferfristen<\/strong><\/p>\n<p>Die Lieferfristen k\u00f6nnen je nach Bestimmungsort der Bestellung variieren.<\/p>\n<p>Nach Angabe der Lieferadresse werden dem Kunden zwei Lieferarten angeboten, die sich in Wert und Zeitspanne unterscheiden. Die bestellten Produkte werden dem Kunden entsprechend seiner Auswahl sp\u00e4testens 2 Tage nach der Registrierung der Bestellung zugesandt.<\/p>\n<p>Wir m\u00f6chten die Kunden daran erinnern, dass mit Ausnahme von Feiertagen Bestellungen, die von Montag bis Donnerstag aufgegeben werden, am n\u00e4chsten Tag und Bestellungen, die von Freitag bis Sonntagabend aufgegeben werden, am folgenden Dienstag bearbeitet werden.<\/p>\n<p><strong>Lieferbedingungen<\/strong><\/p>\n<p><strong>In Eriwan<\/strong><br \/>\n1-3 Arbeitstage<\/p>\n<p><strong>Heupost<\/strong><br \/>\nRA-Regionen: 2-5 Arbeitstage<\/p>\n<p><strong>9.2. Lieferkosten, je nach Gewicht und Liefergebiet<\/strong><\/p>\n<p>Die Versandkosten variieren je nach Gewicht und Liefergebiet der bestellten Ware(n). Diese Betr\u00e4ge werden bei der Bestellung angegeben (siehe Artikel 5, Schritt 1 der vorliegenden Allgemeinen Verkaufsbedingungen).<\/p>\n<p><strong>9.3. Verfolgung und Erhalt der Bestellung<\/strong><\/p>\n<p>Der Kunde wird \u00fcber den Versand seiner Bestellung durch eine E-Mail mit einer Sendungsverfolgungsnummer informiert.<\/p>\n<p>Der Kunde verpflichtet sich, die bestellten Produkte an die in der Bestellung angegebene Lieferadresse zu liefern. Der Kunde muss den vom Zusteller vorgelegten Lieferschein datieren und unterschreiben. Dieser datierte und unterzeichnete Beleg ist der Nachweis f\u00fcr den Versand und die Zustellung.<\/p>\n<p><em>Anmerkung:<\/em>  In den F\u00e4llen, in denen der Kunde das\/die Produkt(e) nicht annimmt oder die Annahme aus Gr\u00fcnden verweigert, die nicht im Gesetz, in Rechtsakten oder in den vorliegenden Allgemeinen Gesch\u00e4ftsbedingungen festgelegt sind, beh\u00e4lt sich der Verk\u00e4ufer das Recht vor, den vom Kunden erhaltenen Betrag, der die in Artikel 4.2 genannten Kosten einschlie\u00dft, nicht zu erstatten.<\/p>\n<p><strong>9.4. Methode &#8220;Abholung bei uns&#8221;<\/strong><\/p>\n<p>Wenn der K\u00e4ufer bei der Registrierung der Bestellung die Liefermethode &#8220;Abholung bei uns&#8221; w\u00e4hlt, muss er die Auftragsbest\u00e4tigung vorlegen, um das Paket zu erhalten. Nach Erhalt des Pakets unterzeichnet der Kunde die Auftragsbest\u00e4tigung.<\/p>\n<p><em>Hinweis<\/em>: Wenn das Paket von einer anderen Person abgeholt wird, sollte der Kunde seinen Vor- und Nachnamen sowie das ungef\u00e4hre Datum der Abholung in das Feld &#8220;Bestellnotizen&#8221; eintragen.[\/vc_column_text][vc_separator color=&#8221;green&#8221; style=&#8221;double&#8221; wd_hide_on_desktop=&#8221;no&#8221; wd_hide_on_tablet=&#8221;no&#8221; wd_hide_on_mobile=&#8221;no&#8221;][vc_column_text woodmart_inline=&#8221;no&#8221; text_larger=&#8221;no&#8221;]<\/p>\n<h4>Artikel 10. Haftung<\/h4>\n<p>Der Verk\u00e4ufer, der Eigent\u00fcmer der Website, verpflichtet sich, ausschlie\u00dflich die in Armenien geltenden Rechts- und Verwaltungsvorschriften zu beachten.<\/p>\n<p>Der Verk\u00e4ufer haftet nicht daf\u00fcr, dass der Kunde die Allgemeinen Verkaufsbedingungen und die sich daraus ergebenden Fragen nicht zur Kenntnis genommen hat.<\/p>\n<p>Der Verk\u00e4ufer haftet nicht im Fall von h\u00f6herer Gewalt, wie in Artikel 11 der Allgemeinen Verkaufsbedingungen festgelegt.<\/p>\n<p>Der Anbieter haftet nicht f\u00fcr Probleme, die durch St\u00f6rungen im Internet entstehen (Unterbrechung des Dienstes, Eindringen von au\u00dfen oder Vorhandensein von Computerviren).<\/p>\n<p>Hypertext-Verweise k\u00f6nnen den Kunden mit anderen Websites au\u00dferhalb der Website verbinden. Der Verk\u00e4ufer lehnt jede Haftung ab, wenn der Inhalt dieser Websites gegen die geltenden gesetzlichen und beh\u00f6rdlichen Bestimmungen verst\u00f6\u00dft.[\/vc_column_text][vc_separator color=&#8221;green&#8221; style=&#8221;double&#8221; wd_hide_on_desktop=&#8221;no&#8221; wd_hide_on_tablet=&#8221;no&#8221; wd_hide_on_mobile=&#8221;no&#8221;][vc_column_text woodmart_inline=&#8221;no&#8221; text_larger=&#8221;no&#8221;]<\/p>\n<h4>Artikel 11. H\u00f6here Gewalt<\/h4>\n<p>F\u00fcr die vollst\u00e4ndige oder teilweise Nichterf\u00fcllung der in diesen Allgemeinen Gesch\u00e4ftsbedingungen vorgesehenen Verpflichtungen k\u00f6nnen die Parteien nicht haftbar gemacht werden, wenn dies auf h\u00f6here Gewalt zur\u00fcckzuf\u00fchren ist, die nach der \u00dcbernahme der in diesen Bedingungen vorgesehenen Verpflichtungen eingetreten ist und die von den Parteien nicht vorhergesehen oder verhindert werden konnte.<\/p>\n<p>Solche Situationen sind: Erdbeben, \u00dcberschwemmungen, Krieg, Ausrufung des milit\u00e4rischen Ausnahmezustands, politische Unruhen, Streiks, Blockierung von Transportmitteln, Handlungen staatlicher Organe und andere, die die Erf\u00fcllung der in den Bedingungen festgelegten Verpflichtungen unm\u00f6glich machen.[\/vc_column_text][vc_separator color=&#8221;green&#8221; style=&#8221;double&#8221; wd_hide_on_desktop=&#8221;no&#8221; wd_hide_on_tablet=&#8221;no&#8221; wd_hide_on_mobile=&#8221;no&#8221;][vc_column_text woodmart_inline=&#8221;no&#8221; text_larger=&#8221;no&#8221;]<\/p>\n<h4>Artikel 12. Schutz von personenbezogenen Daten<\/h4>\n<p>Die vom Kunden zur Verf\u00fcgung gestellten personenbezogenen Daten werden f\u00fcr die Bearbeitung und Auslieferung der Auftr\u00e4ge sowie f\u00fcr die Erstellung von Lieferscheinen und Rechnungen ben\u00f6tigt. Die von den Kunden zur Verf\u00fcgung gestellten Informationen werden als absolut vertraulich betrachtet und d\u00fcrfen nicht an Dritte weitergegeben werden. (Siehe Datenschutzrichtlinie)[\/vc_column_text][vc_separator color=&#8221;green&#8221; style=&#8221;double&#8221; wd_hide_on_desktop=&#8221;no&#8221; wd_hide_on_tablet=&#8221;no&#8221; wd_hide_on_mobile=&#8221;no&#8221;][vc_column_text woodmart_inline=&#8221;no&#8221; text_larger=&#8221;no&#8221;]<\/p>\n<h4>Artikel 13. Vollst\u00e4ndigkeit der Bedingungen und Konditionen<\/h4>\n<p>Die Parteien erkennen an, dass diese Allgemeinen Verkaufsbedingungen die gesamte Vereinbarung zwischen ihnen darstellen.[\/vc_column_text][vc_separator color=&#8221;green&#8221; style=&#8221;double&#8221; wd_hide_on_desktop=&#8221;no&#8221; wd_hide_on_tablet=&#8221;no&#8221; wd_hide_on_mobile=&#8221;no&#8221;][vc_column_text woodmart_inline=&#8221;no&#8221; text_larger=&#8221;no&#8221;]<\/p>\n<h4>Artikel 14. Beilegung von Streitigkeiten und anwendbare Rechtsvorschriften<\/h4>\n<p>Streitigkeiten, die sich aus diesen Bedingungen ergeben, werden durch Verhandlungen beigelegt. Kommt keine Einigung zustande, so sind f\u00fcr die Beilegung von Streitigkeiten die Gerichte der allgemeinen Gerichtsbarkeit der Republik Armenien zust\u00e4ndig, wie sie in den Rechtsvorschriften der Republik Armenien vorgesehen sind. Die in den EDV-Systemen des Verk\u00e4ufers gespeicherten Daten \u00fcber Verk\u00e4ufe und Transaktionsauftr\u00e4ge gelten als Beweismittel im Falle von Streitigkeiten zwischen den Parteien.[\/vc_column_text][\/vc_column][\/vc_row]<\/p>\n<\/div>","protected":false},"excerpt":{"rendered":"<p>[vc_row][vc_column][vc_column_text woodmart_inline=&#8221;no&#8221; text_larger=&#8221;no&#8221;] Pr\u00e4ambel F\u00fcr jede Bestellung auf der Website https:\/\/curivo.am (nachstehend &#8220;Website&#8221; genannt) der Handelsorganisation &#8220;Curivo&#8221; (nachstehend &#8220;Verk\u00e4ufer&#8221; genannt)<\/p>\n","protected":false},"author":1,"featured_media":0,"parent":0,"menu_order":0,"comment_status":"closed","ping_status":"closed","template":"","meta":{"footnotes":""},"class_list":["post-10209","page","type-page","status-publish","hentry"],"_links":{"self":[{"href":"https:\/\/curivo.am\/de\/wp-json\/wp\/v2\/pages\/10209","targetHints":{"allow":["GET"]}}],"collection":[{"href":"https:\/\/curivo.am\/de\/wp-json\/wp\/v2\/pages"}],"about":[{"href":"https:\/\/curivo.am\/de\/wp-json\/wp\/v2\/types\/page"}],"author":[{"embeddable":true,"href":"https:\/\/curivo.am\/de\/wp-json\/wp\/v2\/users\/1"}],"replies":[{"embeddable":true,"href":"https:\/\/curivo.am\/de\/wp-json\/wp\/v2\/comments?post=10209"}],"version-history":[{"count":5,"href":"https:\/\/curivo.am\/de\/wp-json\/wp\/v2\/pages\/10209\/revisions"}],"predecessor-version":[{"id":10214,"href":"https:\/\/curivo.am\/de\/wp-json\/wp\/v2\/pages\/10209\/revisions\/10214"}],"wp:attachment":[{"href":"https:\/\/curivo.am\/de\/wp-json\/wp\/v2\/media?parent=10209"}],"curies":[{"name":"wp","href":"https:\/\/api.w.org\/{rel}","templated":true}]}}