{"id":10203,"date":"2022-08-26T18:40:07","date_gmt":"2022-08-26T14:40:07","guid":{"rendered":"https:\/\/curivo.am\/rueckgabebedingungen\/"},"modified":"2023-12-14T18:12:10","modified_gmt":"2023-12-14T14:12:10","slug":"rueckgabebedingungen","status":"publish","type":"page","link":"https:\/\/curivo.am\/de\/rueckgabebedingungen\/","title":{"rendered":"R\u00fcckgabebedingungen"},"content":{"rendered":"<div class=\"wpb-content-wrapper\"><p>[vc_row][vc_column][vc_column_text woodmart_inline=&#8221;no&#8221; text_larger=&#8221;no&#8221;]<\/p>\n<h4>R\u00fccknahmeverfahren f\u00fcr das\/die erhaltene(n) Produkt(e)<\/h4>\n<p>Die R\u00fcckgabe oder der Umtausch des gekauften Produkts erfolgt auf die in Artikel 517 des Zivilgesetzbuches der Republik Armenien vorgeschriebene Weise.<\/p>\n<p>Der Kunde hat das Recht, das gekaufte Produkt innerhalb von <strong>14<\/strong> Werktagen (ab Erhalt des Pakets) umzutauschen oder zur\u00fcckzugeben.<\/p>\n<p>Der Verk\u00e4ufer tauscht oder sendet nur die Produkte in <strong>ordnungsgem\u00e4\u00dfem<\/strong> Zustand zur\u00fcck <strong>,<\/strong> die Versandkosten werden nicht erstattet. Die Kosten f\u00fcr die Lieferung des Produkts\/der Produkte an den Standort des Verk\u00e4ufers zum Zweck der R\u00fcckgabe oder des Austauschs gehen zu Lasten des Kunden.<\/p>\n<p><strong>Um das gelieferte Produkt zur\u00fcckzusenden<\/strong>, m\u00fcssen Sie das der Bestellung beigef\u00fcgte Formular ausf\u00fcllen und den R\u00fccksendeaufkleber verwenden.<\/p>\n<p>Bei der Durchf\u00fchrung der R\u00fcckgabe muss der Kunde die R\u00fcckgabe oder den Umtausch per E-Mail an die Adresse des Curivo Shops mitteilen. Der Kunde erh\u00e4lt ein Best\u00e4tigungsschreiben f\u00fcr die R\u00fcckgabe oder den Umtausch. Nach Erhalt der Ware(n) \u00fcberweist der Verk\u00e4ufer den Betrag der zur\u00fcckgegebenen Ware(n) auf das Kartenkonto des Kunden, wobei die Versandkosten nicht inbegriffen sind. Im Falle eines Umtauschs kann der Kunde nach Erhalt der R\u00fcckerstattung eine neue Bestellung aufgeben.<\/p>\n<p>Hinweis: Wenn das\/die Produkt(e) w\u00e4hrend des Transports besch\u00e4digt oder zerbrochen wurde(n), kann sich der Kunde an das Kundendienstzentrum des Curivo Shops wenden.<\/p>\n<p>\/Tel.: +374 99 628-826, E-Mail: info@curivo.am \/<\/p>\n<p>[\/vc_column_text][\/vc_column][\/vc_row]<\/p>\n<\/div>","protected":false},"excerpt":{"rendered":"<p>[vc_row][vc_column][vc_column_text woodmart_inline=&#8221;no&#8221; text_larger=&#8221;no&#8221;] R\u00fccknahmeverfahren f\u00fcr das\/die erhaltene(n) Produkt(e) Die R\u00fcckgabe oder der Umtausch des gekauften Produkts erfolgt auf die in<\/p>\n","protected":false},"author":1,"featured_media":0,"parent":0,"menu_order":0,"comment_status":"closed","ping_status":"closed","template":"","meta":{"footnotes":""},"class_list":["post-10203","page","type-page","status-publish","hentry"],"_links":{"self":[{"href":"https:\/\/curivo.am\/de\/wp-json\/wp\/v2\/pages\/10203","targetHints":{"allow":["GET"]}}],"collection":[{"href":"https:\/\/curivo.am\/de\/wp-json\/wp\/v2\/pages"}],"about":[{"href":"https:\/\/curivo.am\/de\/wp-json\/wp\/v2\/types\/page"}],"author":[{"embeddable":true,"href":"https:\/\/curivo.am\/de\/wp-json\/wp\/v2\/users\/1"}],"replies":[{"embeddable":true,"href":"https:\/\/curivo.am\/de\/wp-json\/wp\/v2\/comments?post=10203"}],"version-history":[{"count":2,"href":"https:\/\/curivo.am\/de\/wp-json\/wp\/v2\/pages\/10203\/revisions"}],"predecessor-version":[{"id":10205,"href":"https:\/\/curivo.am\/de\/wp-json\/wp\/v2\/pages\/10203\/revisions\/10205"}],"wp:attachment":[{"href":"https:\/\/curivo.am\/de\/wp-json\/wp\/v2\/media?parent=10203"}],"curies":[{"name":"wp","href":"https:\/\/api.w.org\/{rel}","templated":true}]}}