{"id":10200,"date":"2022-08-24T18:31:17","date_gmt":"2022-08-24T14:31:17","guid":{"rendered":"https:\/\/curivo.am\/datenschutzbestimmungen\/"},"modified":"2023-12-14T18:11:55","modified_gmt":"2023-12-14T14:11:55","slug":"datenschutzbestimmungen","status":"publish","type":"page","link":"https:\/\/curivo.am\/de\/datenschutzbestimmungen\/","title":{"rendered":"Datenschutzbestimmungen"},"content":{"rendered":"<div class=\"wpb-content-wrapper\"><p>[vc_row][vc_column][vc_column_text woodmart_inline=&#8221;no&#8221; text_larger=&#8221;no&#8221;]<\/p>\n<h4>Pr\u00e4ambel<\/h4>\n<p>In dieser Datenschutzerkl\u00e4rung wird beschrieben, wie wir mit Ihren pers\u00f6nlichen Daten f\u00fcr unsere Dienstleistungen umgehen.<\/p>\n<h5>Vertraulichkeit<\/h5>\n<p>Die von Ihnen bereitgestellten Informationen sind absolut vertraulich und k\u00f6nnen nicht an Dritte weitergegeben werden.[\/vc_column_text][vc_separator color=&#8221;green&#8221; style=&#8221;double&#8221; wd_hide_on_desktop=&#8221;no&#8221; wd_hide_on_tablet=&#8221;no&#8221; wd_hide_on_mobile=&#8221;no&#8221;][vc_column_text woodmart_inline=&#8221;no&#8221; text_larger=&#8221;no&#8221;]<\/p>\n<h5>Erhebung von Daten<\/h5>\n<p>Wir k\u00f6nnen die folgenden personenbezogenen Daten erfassen und speichern:<\/p>\n<ul>\n<li>Ihre E-Mail-Adresse, Ihr Name, Ihr Telefon und Ihre Telefonnummer.<\/li>\n<li>Wir haben NICHT Ihre Bankverbindung (Debit, Kredit), weil der Online-Einkauf durch internationale Visa und MasterCard gemacht wird und durch die Authentifizierungsdienste und Verified by Visa und MasterCard Secure Code best\u00e4tigt.<\/li>\n<li>Ihre Bestellhistorie auf der Website.<\/li>\n<li>Ihre Korrespondenz mit uns (E-Mails), falls vorhanden.<\/li>\n<\/ul>\n<p>[\/vc_column_text][vc_separator color=&#8221;green&#8221; style=&#8221;double&#8221; wd_hide_on_desktop=&#8221;no&#8221; wd_hide_on_tablet=&#8221;no&#8221; wd_hide_on_mobile=&#8221;no&#8221;][vc_column_text woodmart_inline=&#8221;no&#8221; text_larger=&#8221;no&#8221;]<\/p>\n<h5>Verwendung von Informationen<\/h5>\n<p>Unser Hauptzweck bei der Erfassung personenbezogener Daten ist es, Ihnen sichere, reibungslose, effiziente und ma\u00dfgeschneiderte Dienstleistungen zu bieten. Sie erkl\u00e4ren sich damit einverstanden, dass wir Ihre pers\u00f6nlichen Daten verwenden d\u00fcrfen, um:<\/p>\n<ul>\n<li>die von Ihnen gew\u00fcnschten Dienstleistungen und Unterst\u00fctzungsleistungen zu erbringen,<\/li>\n<li>unsere Dienstleistungen, Inhalte und Werbung anzupassen, zu messen und zu verbessern,<\/li>\n<li>Ihnen Fragen zu stellen oder zus\u00e4tzliche Informationen per Telefon oder E-Mail zukommen zu lassen, wenn es sich nicht um Standardsituationen handelt,<\/li>\n<li>Ihnen E-Mail-Nachrichten zur \u00dcberpr\u00fcfung der Bestellung oder zur Information \u00fcber falsche Felder sowie andere E-Mails (z. B. Nachrichten, wenn Sie unseren Mailing-Service abonniert haben) zu senden.<\/li>\n<\/ul>\n<p>[\/vc_column_text][vc_separator color=&#8221;green&#8221; style=&#8221;double&#8221; wd_hide_on_desktop=&#8221;no&#8221; wd_hide_on_tablet=&#8221;no&#8221; wd_hide_on_mobile=&#8221;no&#8221;][vc_column_text woodmart_inline=&#8221;no&#8221; text_larger=&#8221;no&#8221;]<\/p>\n<h5>Kommentare<\/h5>\n<p>Wenn Besucher Kommentare auf der Website hinterlassen, erfassen wir die im Kommentarformular angezeigten Daten sowie die IP-Adresse und den User-Agent-String des Browsers des Besuchers, um die Spam-Erkennung zu erleichtern.<\/p>\n<p>Nachdem Ihr Kommentar genehmigt wurde, sind Ihr Name und Ihr Kommentar im Zusammenhang mit Ihrem Kommentar \u00f6ffentlich sichtbar.[\/vc_column_text][vc_separator color=&#8221;green&#8221; style=&#8221;double&#8221; wd_hide_on_desktop=&#8221;no&#8221; wd_hide_on_tablet=&#8221;no&#8221; wd_hide_on_mobile=&#8221;no&#8221;][vc_column_text woodmart_inline=&#8221;no&#8221; text_larger=&#8221;no&#8221;]<\/p>\n<h5>Aufbewahrungsfristen f\u00fcr Daten<\/h5>\n<p>Wenn Sie einen Kommentar hinterlassen, werden der Kommentar und seine Metadaten auf unbestimmte Zeit gespeichert. Auf diese Weise k\u00f6nnen wir Folgekommentare automatisch erkennen und genehmigen, anstatt sie in einer Moderationswarteschlange zu halten.<\/p>\n<p>Bei Nutzern, die sich auf unserer Website registrieren (falls vorhanden), speichern wir auch die pers\u00f6nlichen Daten, die sie in ihrem Nutzerprofil angeben. Alle Nutzer k\u00f6nnen ihre pers\u00f6nlichen Daten jederzeit einsehen, bearbeiten oder l\u00f6schen (nur ihren Benutzernamen k\u00f6nnen sie nicht \u00e4ndern). Auch Website-Administratoren k\u00f6nnen diese Informationen einsehen und bearbeiten.[\/vc_column_text][vc_separator color=&#8221;green&#8221; style=&#8221;double&#8221; wd_hide_on_desktop=&#8221;no&#8221; wd_hide_on_tablet=&#8221;no&#8221; wd_hide_on_mobile=&#8221;no&#8221;][vc_column_text woodmart_inline=&#8221;no&#8221; text_larger=&#8221;no&#8221;]<\/p>\n<h5>Ihre Rechte in Bezug auf Ihre Daten<\/h5>\n<p>Sie k\u00f6nnen auch verlangen, dass wir die \u00fcber Sie gespeicherten personenbezogenen Daten l\u00f6schen. Davon ausgenommen sind Daten, die wir aus verwaltungstechnischen, rechtlichen oder sicherheitsrelevanten Gr\u00fcnden aufbewahren m\u00fcssen.[\/vc_column_text][\/vc_column][\/vc_row]<\/p>\n<\/div>","protected":false},"excerpt":{"rendered":"<p>[vc_row][vc_column][vc_column_text woodmart_inline=&#8221;no&#8221; text_larger=&#8221;no&#8221;] Pr\u00e4ambel In dieser Datenschutzerkl\u00e4rung wird beschrieben, wie wir mit Ihren pers\u00f6nlichen Daten f\u00fcr unsere Dienstleistungen umgehen. Vertraulichkeit<\/p>\n","protected":false},"author":1,"featured_media":0,"parent":0,"menu_order":0,"comment_status":"closed","ping_status":"closed","template":"","meta":{"footnotes":""},"class_list":["post-10200","page","type-page","status-publish","hentry"],"_links":{"self":[{"href":"https:\/\/curivo.am\/de\/wp-json\/wp\/v2\/pages\/10200","targetHints":{"allow":["GET"]}}],"collection":[{"href":"https:\/\/curivo.am\/de\/wp-json\/wp\/v2\/pages"}],"about":[{"href":"https:\/\/curivo.am\/de\/wp-json\/wp\/v2\/types\/page"}],"author":[{"embeddable":true,"href":"https:\/\/curivo.am\/de\/wp-json\/wp\/v2\/users\/1"}],"replies":[{"embeddable":true,"href":"https:\/\/curivo.am\/de\/wp-json\/wp\/v2\/comments?post=10200"}],"version-history":[{"count":2,"href":"https:\/\/curivo.am\/de\/wp-json\/wp\/v2\/pages\/10200\/revisions"}],"predecessor-version":[{"id":10202,"href":"https:\/\/curivo.am\/de\/wp-json\/wp\/v2\/pages\/10200\/revisions\/10202"}],"wp:attachment":[{"href":"https:\/\/curivo.am\/de\/wp-json\/wp\/v2\/media?parent=10200"}],"curies":[{"name":"wp","href":"https:\/\/api.w.org\/{rel}","templated":true}]}}