{"id":10195,"date":"2023-01-16T10:01:22","date_gmt":"2023-01-16T06:01:22","guid":{"rendered":"https:\/\/curivo.am\/lieferbedingungen\/"},"modified":"2023-12-14T18:11:02","modified_gmt":"2023-12-14T14:11:02","slug":"lieferbedingungen","status":"publish","type":"page","link":"https:\/\/curivo.am\/de\/lieferbedingungen\/","title":{"rendered":"Lieferbedingungen"},"content":{"rendered":"<div class=\"wpb-content-wrapper\"><p>[vc_row][vc_column][vc_column_text css_animation=&#8221;fadeIn&#8221; woodmart_inline=&#8221;no&#8221; text_larger=&#8221;no&#8221;]Die bestellten Produkte werden dem Kunden zu den folgenden Bedingungen geliefert:<\/p>\n<h4>Lieferfristen<\/h4>\n<p>Die Lieferfristen k\u00f6nnen je nach Bestimmungsort der Bestellung variieren.<\/p>\n<p>Nach Angabe der Lieferadresse werden dem Kunden zwei Lieferarten angeboten, die sich in Wert und Zeitspanne unterscheiden.<br \/>\nDie bestellten Produkte werden dem Kunden entsprechend seiner Auswahl sp\u00e4testens 2 Tage nach der Registrierung der Bestellung zugesandt.<\/p>\n<p><strong>Wir m\u00f6chten<\/strong> die Kunden <strong>daran erinnern<\/strong>, dass mit Ausnahme von Feiertagen Bestellungen, die von Montag bis Donnerstag aufgegeben werden, am n\u00e4chsten Tag bearbeitet werden, und Bestellungen, die von Freitag bis Sonntagabend aufgegeben werden, am darauf folgenden Dienstag bearbeitet werden.[\/vc_column_text][vc_separator color=&#8221;green&#8221; style=&#8221;double&#8221; wd_hide_on_desktop=&#8221;no&#8221; wd_hide_on_tablet=&#8221;no&#8221; wd_hide_on_mobile=&#8221;no&#8221;]<style data-type=\"vc_shortcodes-custom-css\">.vc_custom_1497605639148{margin-bottom: 30px !important;}.vc_custom_1672150235235{margin-bottom: 20px !important;}.vc_custom_1672150540800{margin-bottom: 20px !important;}<\/style><div class=\"wpb-content-wrapper\">[vc_row content_placement=\"top\" woodmart_css_id=\"6168284753667\" woodmart_parallax=\"0\" responsive_spacing=\"eyJwYXJhbV90eXBlIjoid29vZG1hcnRfcmVzcG9uc2l2ZV9zcGFjaW5nIiwic2VsZWN0b3JfaWQiOiI2MTY4Mjg0NzUzNjY3Iiwic2hvcnRjb2RlIjoidmNfcm93IiwiZGF0YSI6eyJ0YWJsZXQiOnt9LCJtb2JpbGUiOnt9fX0=\" mobile_bg_img_hidden=\"no\" tablet_bg_img_hidden=\"no\" woodmart_box_shadow=\"no\" wd_z_index=\"no\" woodmart_disable_overflow=\"0\" row_reverse_mobile=\"0\" row_reverse_tablet=\"0\" woodmart_gradient_switch=\"no\"][vc_column offset=\"vc_col-md-6\" css=\".vc_custom_1497605639148{margin-bottom: 30px !important;}\" woodmart_sticky_column=\"true\"]\t\t<div id=\"gallery_403\" class=\"wd-images-gallery wd-wpb wd-rs-63c417aee17b4\" style=\"--wd-justify-content:center;--wd-align-items:center;\">\n\t\t\t\n\t\t\t<div class=\" wd-grid-g\" style=\"--wd-col-lg:2;--wd-col-md:2;--wd-col-sm:1;--wd-gap-lg:10px;\">\n\t\t\t\t\n\t\t\t\t\t\t\t\t\t\t\t\t\t\t\t<div class=\"wd-gallery-item wd-col\">\n\t\t\t\t\t\t\t\n\t\t\t\t\t\t\t\t<img loading=\"lazy\" decoding=\"async\" width=\"350\" height=\"450\" src=\"https:\/\/curivo.am\/wp-content\/uploads\/2017\/06\/shipping-2.png\" class=\"wd-gallery-image image-1\" alt=\"\" srcset=\"https:\/\/curivo.am\/wp-content\/uploads\/2017\/06\/shipping-2.png 350w, https:\/\/curivo.am\/wp-content\/uploads\/2017\/06\/shipping-2-233x300.png 233w, https:\/\/curivo.am\/wp-content\/uploads\/2017\/06\/shipping-2-150x193.png 150w\" sizes=\"auto, (max-width: 350px) 100vw, 350px\" \/>\n\t\t\t\t\t\t\t\t\t\t\t\t\t\t<\/div>\n\t\t\t\t\t\t\t\t\t\t\t<div class=\"wd-gallery-item wd-col\">\n\t\t\t\t\t\t\t\n\t\t\t\t\t\t\t\t<img loading=\"lazy\" decoding=\"async\" width=\"350\" height=\"450\" src=\"https:\/\/curivo.am\/wp-content\/uploads\/2017\/06\/shipping-1.png\" class=\"wd-gallery-image image-2\" alt=\"\" srcset=\"https:\/\/curivo.am\/wp-content\/uploads\/2017\/06\/shipping-1.png 350w, https:\/\/curivo.am\/wp-content\/uploads\/2017\/06\/shipping-1-233x300.png 233w, https:\/\/curivo.am\/wp-content\/uploads\/2017\/06\/shipping-1-150x193.png 150w\" sizes=\"auto, (max-width: 350px) 100vw, 350px\" \/>\n\t\t\t\t\t\t\t\t\t\t\t\t\t\t<\/div>\n\t\t\t\t\t\t\t\t\t\n\t\t\t\t\t\t\t<\/div>\n\n\t\t\t\t\t<\/div>\n\t\t[\/vc_column][vc_column offset=\"vc_col-md-6\"]\n\t\t<div id=\"wd-63aafcbf859b5\" class=\"title-wrapper wd-wpb wd-set-mb reset-last-child  wd-rs-63aafcbf859b5 wd-title-color-default wd-title-style-default text-left vc_custom_1672150235235 wd-underline-colored\">\n\t\t\t\n\t\t\t<div class=\"liner-continer\">\n\t\t\t\t<h4 class=\"woodmart-title-container title  wd-font-weight- wd-fontsize-l\" ><strong>Schifffahrt in Armenien<\/strong><\/h4>\n\t\t\t\t\t\t\t<\/div>\n\t\t\t\n\t\t\t\n\t\t\t\n\t\t<\/div>\n\t\t\n\t\t\t\t<div id=\"wd-63af1172ef869\" class=\"wd-text-block wd-wpb reset-last-child wd-rs-63af1172ef869 text-left \">\n\t\t\t<p>Nachdem Sie die \u00d6le in den Warenkorb gelegt haben, k\u00f6nnen Sie die Lieferoption ausw\u00e4hlen. Sobald Sie es ausw\u00e4hlen, werden die Kosten zum Gesamtbetrag hinzugef\u00fcgt, und Sie k\u00f6nnen die Zahlung einfach und schnell vornehmen.<\/p>\n\t\t<\/div>\n\t\t\n\t\t<div id=\"wd-63aafdf9bc1a7\" class=\"title-wrapper wd-wpb wd-set-mb reset-last-child  wd-rs-63aafdf9bc1a7 wd-title-color-default wd-title-style-default text-left vc_custom_1672150540800 wd-underline-colored\">\n\t\t\t\n\t\t\t<div class=\"liner-continer\">\n\t\t\t\t<h4 class=\"woodmart-title-container title  wd-font-weight- wd-fontsize-m\" ><strong>Zus\u00e4tzliche Informationen<\/strong><\/h4>\n\t\t\t\t\t\t\t<\/div>\n\t\t\t\n\t\t\t\n\t\t\t\n\t\t<\/div>\n\t\t\n\t\t\t\t<div id=\"wd-6412de8cc16ce\" class=\"wd-text-block wd-wpb reset-last-child wd-rs-6412de8cc16ce text-left \">\n\t\t\t<ul class=\"unordered-list\">\n<li>Sie k\u00f6nnen jederzeit in unserem Gesch\u00e4ft vor Ort einkaufen<\/li>\n<li>Die Lieferung in Eriwan ist ab einem Einkaufswert von 10.000 AMD kostenlos.<\/li>\n<li>Die Lieferung ist kostenlos, wenn Sie den Service \"Abholung bei uns\" in Eriwan nutzen.<\/li>\n<li>In anderen F\u00e4llen kostet die Lieferung 500 AMD im Zentrum von Eriwan und 1.450 AMD in allen anderen Bezirken.<\/li>\n<\/ul>\n<p>Die Lieferung in alle Regionen der Republik Armenien erfolgt mit der armenischen Post innerhalb von drei Arbeitstagen und die Kosten h\u00e4ngen von der Bestellung ab.<\/p>\n\t\t<\/div>\n\t\t[\/vc_column][\/vc_row]<\/div>[vc_separator color=&#8221;green&#8221; style=&#8221;double&#8221; wd_hide_on_desktop=&#8221;no&#8221; wd_hide_on_tablet=&#8221;no&#8221; wd_hide_on_mobile=&#8221;no&#8221;][vc_column_text woodmart_inline=&#8221;no&#8221; text_larger=&#8221;no&#8221;]Der Kunde wird \u00fcber den Versand seiner Bestellung durch eine E-Mail mit einer Sendungsverfolgungsnummer informiert.<\/p>\n<h4>Verfolgung und Erhalt der Bestellung<\/h4>\n<p>Der Kunde verpflichtet sich, die bestellten Produkte an die in der Bestellung angegebene Lieferadresse zu liefern. Der Kunde muss den vom Zusteller vorgelegten Lieferschein datieren und unterschreiben. Dieser datierte und unterzeichnete Beleg ist der Nachweis f\u00fcr den Versand und die Zustellung.<\/p>\n<p><strong>Hinweis<\/strong>  In den F\u00e4llen, in denen der Kunde das\/die Produkt(e) nicht annimmt oder die Annahme aus Gr\u00fcnden verweigert, die nicht im Gesetz, in Rechtsakten oder in den vorliegenden Allgemeinen Gesch\u00e4ftsbedingungen festgelegt sind, beh\u00e4lt sich der Verk\u00e4ufer das Recht vor, den vom Kunden erhaltenen Betrag, der die in Artikel 4.2 genannten Kosten einschlie\u00dft, nicht zu erstatten.[\/vc_column_text][vc_separator color=&#8221;green&#8221; style=&#8221;double&#8221; wd_hide_on_desktop=&#8221;no&#8221; wd_hide_on_tablet=&#8221;no&#8221; wd_hide_on_mobile=&#8221;no&#8221;][vc_column_text woodmart_inline=&#8221;no&#8221; text_larger=&#8221;no&#8221;]<\/p>\n<h4>Methode &#8220;Von uns nehmen&#8221;<\/h4>\n<p>Wenn der K\u00e4ufer bei der Registrierung der Bestellung die Liefermethode &#8220;Abholung bei uns&#8221; w\u00e4hlt, muss er die Auftragsbest\u00e4tigung vorlegen, um das Paket zu erhalten. Nach Erhalt des Pakets unterzeichnet der Kunde die Auftragsbest\u00e4tigung.<\/p>\n<p><strong>Hinweis<\/strong>: Wenn das Paket von einer anderen Person abgeholt wird, sollte der Kunde seinen Vor- und Nachnamen sowie das ungef\u00e4hre Datum der Abholung in das Feld &#8220;Bestellnotizen&#8221; eintragen.[\/vc_column_text][\/vc_column][\/vc_row]<\/p>\n<\/div>","protected":false},"excerpt":{"rendered":"<p>[vc_row][vc_column][vc_column_text css_animation=&#8221;fadeIn&#8221; woodmart_inline=&#8221;no&#8221; text_larger=&#8221;no&#8221;]Die bestellten Produkte werden dem Kunden zu den folgenden Bedingungen geliefert: Lieferfristen Die Lieferfristen k\u00f6nnen je nach<\/p>\n","protected":false},"author":1,"featured_media":0,"parent":0,"menu_order":0,"comment_status":"closed","ping_status":"closed","template":"","meta":{"footnotes":""},"class_list":["post-10195","page","type-page","status-publish","hentry"],"_links":{"self":[{"href":"https:\/\/curivo.am\/de\/wp-json\/wp\/v2\/pages\/10195","targetHints":{"allow":["GET"]}}],"collection":[{"href":"https:\/\/curivo.am\/de\/wp-json\/wp\/v2\/pages"}],"about":[{"href":"https:\/\/curivo.am\/de\/wp-json\/wp\/v2\/types\/page"}],"author":[{"embeddable":true,"href":"https:\/\/curivo.am\/de\/wp-json\/wp\/v2\/users\/1"}],"replies":[{"embeddable":true,"href":"https:\/\/curivo.am\/de\/wp-json\/wp\/v2\/comments?post=10195"}],"version-history":[{"count":2,"href":"https:\/\/curivo.am\/de\/wp-json\/wp\/v2\/pages\/10195\/revisions"}],"predecessor-version":[{"id":10197,"href":"https:\/\/curivo.am\/de\/wp-json\/wp\/v2\/pages\/10195\/revisions\/10197"}],"wp:attachment":[{"href":"https:\/\/curivo.am\/de\/wp-json\/wp\/v2\/media?parent=10195"}],"curies":[{"name":"wp","href":"https:\/\/api.w.org\/{rel}","templated":true}]}}